{"id":6333,"date":"2025-05-16T09:15:15","date_gmt":"2025-05-16T07:15:15","guid":{"rendered":"https:\/\/www.kroll.de\/?page_id=6333"},"modified":"2025-05-16T13:53:00","modified_gmt":"2025-05-16T11:53:00","slug":"kontaktformular","status":"publish","type":"page","link":"https:\/\/www.kroll.de\/en\/kontaktformular\/","title":{"rendered":"Contact form"},"content":{"rendered":"\t\t<div data-elementor-type=\"wp-page\" data-elementor-id=\"6333\" class=\"elementor elementor-6333\" data-elementor-post-type=\"page\">\n\t\t\t\t<div class=\"has_eae_slider elementor-element elementor-element-ce0e4a5 e-flex e-con-boxed e-con e-parent\" data-id=\"ce0e4a5\" data-element_type=\"container\">\n\t\t\t\t\t<div class=\"e-con-inner\">\n\t\t\t\t<div class=\"elementor-element elementor-element-c587f25 elementor-widget elementor-widget-heading\" data-id=\"c587f25\" data-element_type=\"widget\" data-settings=\"{&quot;_animation&quot;:&quot;none&quot;,&quot;_animation_delay&quot;:&quot;0&quot;}\" data-widget_type=\"heading.default\">\n\t\t\t\t<div class=\"elementor-widget-container\">\n\t\t\t\t\t<h1 class=\"elementor-heading-title elementor-size-default\">Kontaktformular<\/h1>\t\t\t\t<\/div>\n\t\t\t\t<\/div>\n\t\t\t\t<div class=\"elementor-element elementor-element-f9c58d1 elementor-widget elementor-widget-text-editor\" data-id=\"f9c58d1\" data-element_type=\"widget\" data-settings=\"{&quot;_animation&quot;:&quot;none&quot;,&quot;_animation_delay&quot;:&quot;0&quot;}\" data-widget_type=\"text-editor.default\">\n\t\t\t\t<div class=\"elementor-widget-container\">\n\t\t\t\t\t\t\t\t\t<p>Haben Sie tempor\u00e4re Heiz- und K\u00fchlbedarfe in der Industrie oder auf Baustellen? Mit unseren <a href=\"https:\/\/www.kroll.de\/produkte\/mobile-luft-luft-waermepumpen\/\">mobilen Luft-Luft-W\u00e4rmepumpen<\/a> senken Sie dauerhaft CO\u2082-Emissionen, sparen Betriebs- und Wartungskosten und investieren in eine nachhaltige, zukunftssichere Geb\u00e4udetechnik.<\/p><p class=\"\" data-start=\"985\" data-end=\"1013\">Unsere Technologie bietet:<\/p><ul data-start=\"1014\" data-end=\"1217\"><li class=\"\" data-start=\"1014\" data-end=\"1081\"><p class=\"\" data-start=\"1016\" data-end=\"1081\">Kosteneffiziente W\u00e4rme und K\u00fchlung ohne fossile Brennstoffe<\/p><\/li><li class=\"\" data-start=\"1082\" data-end=\"1153\"><p class=\"\" data-start=\"1084\" data-end=\"1153\">Flexiblen, mobilen Einsatz f\u00fcr tempor\u00e4re Geb\u00e4ude und Baustellen<\/p><\/li><li class=\"\" data-start=\"1154\" data-end=\"1217\"><p class=\"\" data-start=\"1156\" data-end=\"1217\">Optimale Steuerung per Web-App \u2013 f\u00fcr moderne ESG-Projekte<\/p><\/li><\/ul><p class=\"\" data-start=\"1219\" data-end=\"1304\">Nutzen Sie Ihre Chance auf langfristige Einsparungen und nachhaltige Bauprozesse.<\/p>\t\t\t\t\t\t\t\t<\/div>\n\t\t\t\t<\/div>\n\t\t\t\t<div class=\"elementor-element elementor-element-656b8a1 elementor-widget elementor-widget-heading\" data-id=\"656b8a1\" data-element_type=\"widget\" data-settings=\"{&quot;_animation&quot;:&quot;none&quot;,&quot;_animation_delay&quot;:&quot;0&quot;}\" data-widget_type=\"heading.default\">\n\t\t\t\t<div class=\"elementor-widget-container\">\n\t\t\t\t\t<h2 class=\"elementor-heading-title elementor-size-default\">Jetzt unverbindlich beraten lassen<\/h2>\t\t\t\t<\/div>\n\t\t\t\t<\/div>\n\t\t\t\t<div class=\"elementor-element elementor-element-50eb0e8 elementor-widget elementor-widget-template\" data-id=\"50eb0e8\" data-element_type=\"widget\" data-widget_type=\"template.default\">\n\t\t\t\t<div class=\"elementor-widget-container\">\n\t\t\t\t\t\t\t<div class=\"elementor-template\">\n\t\t\t\t\t<div data-elementor-type=\"container\" data-elementor-id=\"6336\" class=\"elementor elementor-6336\" data-elementor-post-type=\"elementor_library\">\n\t\t\t\t<div class=\"has_eae_slider elementor-element elementor-element-d8e85c7 e-flex e-con-boxed e-con e-parent\" data-id=\"d8e85c7\" data-element_type=\"container\">\n\t\t\t\t\t<div class=\"e-con-inner\">\n\t\t\t\t<div class=\"elementor-element elementor-element-80efd54 elementor-button-align-stretch elementor-widget elementor-widget-form\" data-id=\"80efd54\" data-element_type=\"widget\" data-settings=\"{&quot;step_next_label&quot;:&quot;N\\u00e4chster&quot;,&quot;step_previous_label&quot;:&quot;Voriger&quot;,&quot;button_width&quot;:&quot;100&quot;,&quot;step_type&quot;:&quot;number_text&quot;,&quot;step_icon_shape&quot;:&quot;circle&quot;}\" data-widget_type=\"form.default\">\n\t\t\t\t<div class=\"elementor-widget-container\">\n\t\t\t\t\t\t\t<form class=\"elementor-form\" method=\"post\" name=\"Neues Formular\">\n\t\t\t<input type=\"hidden\" name=\"post_id\" value=\"6336\"\/>\n\t\t\t<input type=\"hidden\" name=\"form_id\" value=\"80efd54\"\/>\n\t\t\t<input type=\"hidden\" name=\"referer_title\" value=\"Kroll Energy GmbH\" \/>\n\n\t\t\t\n\t\t\t<div class=\"elementor-form-fields-wrapper elementor-labels-above\">\n\t\t\t\t\t\t\t\t<div class=\"elementor-field-type-text elementor-field-group elementor-column elementor-field-group-field_4196fd3 elementor-col-33\">\n\t\t\t\t\t\t\t\t\t\t\t\t<label for=\"form-field-field_4196fd3\" class=\"elementor-field-label\">\n\t\t\t\t\t\t\t\tFirma\t\t\t\t\t\t\t<\/label>\n\t\t\t\t\t\t\t\t\t\t\t\t\t\t<input size=\"1\" type=\"text\" name=\"form_fields[field_4196fd3]\" id=\"form-field-field_4196fd3\" class=\"elementor-field elementor-size-sm  elementor-field-textual\">\n\t\t\t\t\t\t\t\t\t\t\t<\/div>\n\t\t\t\t\t\t\t\t<div class=\"elementor-field-type-text elementor-field-group elementor-column elementor-field-group-field_12235f7 elementor-col-33 elementor-field-required elementor-mark-required\">\n\t\t\t\t\t\t\t\t\t\t\t\t<label for=\"form-field-field_12235f7\" class=\"elementor-field-label\">\n\t\t\t\t\t\t\t\tName\t\t\t\t\t\t\t<\/label>\n\t\t\t\t\t\t\t\t\t\t\t\t\t\t<input size=\"1\" type=\"text\" name=\"form_fields[field_12235f7]\" id=\"form-field-field_12235f7\" class=\"elementor-field elementor-size-sm  elementor-field-textual\" required=\"required\">\n\t\t\t\t\t\t\t\t\t\t\t<\/div>\n\t\t\t\t\t\t\t\t<div class=\"elementor-field-type-email elementor-field-group elementor-column elementor-field-group-email elementor-col-33 elementor-field-required elementor-mark-required\">\n\t\t\t\t\t\t\t\t\t\t\t\t<label for=\"form-field-email\" class=\"elementor-field-label\">\n\t\t\t\t\t\t\t\tE-Mail\t\t\t\t\t\t\t<\/label>\n\t\t\t\t\t\t\t\t\t\t\t\t\t\t<input size=\"1\" type=\"email\" name=\"form_fields[email]\" id=\"form-field-email\" class=\"elementor-field elementor-size-sm  elementor-field-textual\" required=\"required\">\n\t\t\t\t\t\t\t\t\t\t\t<\/div>\n\t\t\t\t\t\t\t\t<div class=\"elementor-field-type-textarea elementor-field-group elementor-column elementor-field-group-message elementor-col-100\">\n\t\t\t\t\t\t\t\t\t\t\t\t<label for=\"form-field-message\" class=\"elementor-field-label\">\n\t\t\t\t\t\t\t\tNachricht\t\t\t\t\t\t\t<\/label>\n\t\t\t\t\t\t<textarea class=\"elementor-field-textual elementor-field  elementor-size-sm\" name=\"form_fields[message]\" id=\"form-field-message\" rows=\"5\"><\/textarea>\t\t\t\t<\/div>\n\t\t\t\t\t\t\t\t<div class=\"elementor-field-group elementor-column elementor-field-type-submit elementor-col-100 e-form__buttons\">\n\t\t\t\t\t<button class=\"elementor-button elementor-size-sm\" type=\"submit\">\n\t\t\t\t\t\t<span class=\"elementor-button-content-wrapper\">\n\t\t\t\t\t\t\t\t\t\t\t\t\t\t\t\t\t\t\t\t\t\t<span class=\"elementor-button-text\">Absenden<\/span>\n\t\t\t\t\t\t\t\t\t\t\t\t\t<\/span>\n\t\t\t\t\t<\/button>\n\t\t\t\t<\/div>\n\t\t\t<\/div>\n\t\t<\/form>\n\t\t\t\t\t\t<\/div>\n\t\t\t\t<\/div>\n\t\t\t\t\t<\/div>\n\t\t\t\t<\/div>\n\t\t\t\t<\/div>\n\t\t\t\t<\/div>\n\t\t\t\t\t\t<\/div>\n\t\t\t\t<\/div>\n\t\t\t\t\t<\/div>\n\t\t\t\t<\/div>\n\t\t\t\t<\/div>\n\t\t","protected":false},"excerpt":{"rendered":"<p>Kontaktformular Haben Sie tempor\u00e4re Heiz- und K\u00fchlbedarfe in der Industrie oder auf Baustellen? Mit unseren mobilen Luft-Luft-W\u00e4rmepumpen senken Sie dauerhaft CO\u2082-Emissionen, sparen Betriebs- und Wartungskosten und investieren in eine nachhaltige, zukunftssichere Geb\u00e4udetechnik. Unsere Technologie bietet: Kosteneffiziente W\u00e4rme und K\u00fchlung ohne fossile Brennstoffe Flexiblen, mobilen Einsatz f\u00fcr tempor\u00e4re Geb\u00e4ude und Baustellen Optimale Steuerung per Web-App \u2013 [&hellip;]<\/p>\n","protected":false},"author":4,"featured_media":0,"parent":0,"menu_order":0,"comment_status":"closed","ping_status":"closed","template":"elementor_header_footer","meta":{"_acf_changed":false,"footnotes":""},"class_list":["post-6333","page","type-page","status-publish","hentry"],"acf":[],"yoast_head":"<!-- This site is optimized with the Yoast SEO plugin v24.4 - https:\/\/yoast.com\/wordpress\/plugins\/seo\/ -->\n<title>Kontaktformular - Kroll Energy GmbH<\/title>\n<meta name=\"description\" content=\"Lassen Sie sich beraten und reduzieren Sie Ihre Heiz- und K\u00fchlkosten und CO2-Emissionen mit mobilen Luft-Luft-W\u00e4rmepumpen.\" \/>\n<meta name=\"robots\" content=\"index, follow, max-snippet:-1, max-image-preview:large, max-video-preview:-1\" \/>\n<link rel=\"canonical\" href=\"https:\/\/www.kroll.de\/en\/kontaktformular\/\" \/>\n<meta property=\"og:locale\" content=\"en_GB\" \/>\n<meta property=\"og:type\" content=\"article\" \/>\n<meta property=\"og:title\" content=\"Kontaktformular - Kroll Energy GmbH\" \/>\n<meta property=\"og:description\" content=\"Lassen Sie sich beraten und reduzieren Sie Ihre Heiz- und K\u00fchlkosten und CO2-Emissionen mit mobilen Luft-Luft-W\u00e4rmepumpen.\" \/>\n<meta property=\"og:url\" content=\"https:\/\/www.kroll.de\/en\/kontaktformular\/\" \/>\n<meta property=\"og:site_name\" content=\"Kroll Energy GmbH\" \/>\n<meta property=\"article:publisher\" content=\"https:\/\/www.facebook.com\/KrollEnergy\/\" \/>\n<meta property=\"article:modified_time\" content=\"2025-05-16T11:53:00+00:00\" \/>\n<meta name=\"twitter:card\" content=\"summary_large_image\" \/>\n<meta name=\"twitter:label1\" content=\"Estimated reading time\" \/>\n\t<meta name=\"twitter:data1\" content=\"1 minute\" \/>\n<script type=\"application\/ld+json\" class=\"yoast-schema-graph\">{\"@context\":\"https:\/\/schema.org\",\"@graph\":[{\"@type\":\"WebPage\",\"@id\":\"https:\/\/www.kroll.de\/kontaktformular\/\",\"url\":\"https:\/\/www.kroll.de\/kontaktformular\/\",\"name\":\"Kontaktformular - Kroll Energy GmbH\",\"isPartOf\":{\"@id\":\"https:\/\/www.kroll.de\/#website\"},\"datePublished\":\"2025-05-16T07:15:15+00:00\",\"dateModified\":\"2025-05-16T11:53:00+00:00\",\"description\":\"Lassen Sie sich beraten und reduzieren Sie Ihre Heiz- und K\u00fchlkosten und CO2-Emissionen mit mobilen Luft-Luft-W\u00e4rmepumpen.\",\"breadcrumb\":{\"@id\":\"https:\/\/www.kroll.de\/kontaktformular\/#breadcrumb\"},\"inLanguage\":\"en-GB\",\"potentialAction\":[{\"@type\":\"ReadAction\",\"target\":[\"https:\/\/www.kroll.de\/kontaktformular\/\"]}]},{\"@type\":\"BreadcrumbList\",\"@id\":\"https:\/\/www.kroll.de\/kontaktformular\/#breadcrumb\",\"itemListElement\":[{\"@type\":\"ListItem\",\"position\":1,\"name\":\"Startseite\",\"item\":\"https:\/\/www.kroll.de\/\"},{\"@type\":\"ListItem\",\"position\":2,\"name\":\"Kontaktformular\"}]},{\"@type\":\"WebSite\",\"@id\":\"https:\/\/www.kroll.de\/#website\",\"url\":\"https:\/\/www.kroll.de\/\",\"name\":\"Kroll Energy GmbH\",\"description\":\"Energiekompetenz der Extraklasse\",\"publisher\":{\"@id\":\"https:\/\/www.kroll.de\/#organization\"},\"potentialAction\":[{\"@type\":\"SearchAction\",\"target\":{\"@type\":\"EntryPoint\",\"urlTemplate\":\"https:\/\/www.kroll.de\/?s={search_term_string}\"},\"query-input\":{\"@type\":\"PropertyValueSpecification\",\"valueRequired\":true,\"valueName\":\"search_term_string\"}}],\"inLanguage\":\"en-GB\"},{\"@type\":\"Organization\",\"@id\":\"https:\/\/www.kroll.de\/#organization\",\"name\":\"Kroll Energy GmbH\",\"url\":\"https:\/\/www.kroll.de\/\",\"logo\":{\"@type\":\"ImageObject\",\"inLanguage\":\"en-GB\",\"@id\":\"https:\/\/www.kroll.de\/#\/schema\/logo\/image\/\",\"url\":\"https:\/\/www.kroll.de\/wp-content\/uploads\/2022\/12\/kroll_logo_rgb_pixel_transp.png\",\"contentUrl\":\"https:\/\/www.kroll.de\/wp-content\/uploads\/2022\/12\/kroll_logo_rgb_pixel_transp.png\",\"width\":2454,\"height\":860,\"caption\":\"Kroll Energy GmbH\"},\"image\":{\"@id\":\"https:\/\/www.kroll.de\/#\/schema\/logo\/image\/\"},\"sameAs\":[\"https:\/\/www.facebook.com\/KrollEnergy\/\",\"https:\/\/www.linkedin.com\/company\/kroll-energy-gmbh\/\",\"https:\/\/www.youtube.com\/@krollenergygmbh711\"]}]}<\/script>\n<!-- \/ Yoast SEO plugin. -->","yoast_head_json":{"title":"Kontaktformular - Kroll Energy GmbH","description":"Lassen Sie sich beraten und reduzieren Sie Ihre Heiz- und K\u00fchlkosten und CO2-Emissionen mit mobilen Luft-Luft-W\u00e4rmepumpen.","robots":{"index":"index","follow":"follow","max-snippet":"max-snippet:-1","max-image-preview":"max-image-preview:large","max-video-preview":"max-video-preview:-1"},"canonical":"https:\/\/www.kroll.de\/en\/kontaktformular\/","og_locale":"en_GB","og_type":"article","og_title":"Kontaktformular - Kroll Energy GmbH","og_description":"Lassen Sie sich beraten und reduzieren Sie Ihre Heiz- und K\u00fchlkosten und CO2-Emissionen mit mobilen Luft-Luft-W\u00e4rmepumpen.","og_url":"https:\/\/www.kroll.de\/en\/kontaktformular\/","og_site_name":"Kroll Energy GmbH","article_publisher":"https:\/\/www.facebook.com\/KrollEnergy\/","article_modified_time":"2025-05-16T11:53:00+00:00","twitter_card":"summary_large_image","twitter_misc":{"Estimated reading time":"1 minute"},"schema":{"@context":"https:\/\/schema.org","@graph":[{"@type":"WebPage","@id":"https:\/\/www.kroll.de\/kontaktformular\/","url":"https:\/\/www.kroll.de\/kontaktformular\/","name":"Kontaktformular - Kroll Energy GmbH","isPartOf":{"@id":"https:\/\/www.kroll.de\/#website"},"datePublished":"2025-05-16T07:15:15+00:00","dateModified":"2025-05-16T11:53:00+00:00","description":"Lassen Sie sich beraten und reduzieren Sie Ihre Heiz- und K\u00fchlkosten und CO2-Emissionen mit mobilen Luft-Luft-W\u00e4rmepumpen.","breadcrumb":{"@id":"https:\/\/www.kroll.de\/kontaktformular\/#breadcrumb"},"inLanguage":"en-GB","potentialAction":[{"@type":"ReadAction","target":["https:\/\/www.kroll.de\/kontaktformular\/"]}]},{"@type":"BreadcrumbList","@id":"https:\/\/www.kroll.de\/kontaktformular\/#breadcrumb","itemListElement":[{"@type":"ListItem","position":1,"name":"Startseite","item":"https:\/\/www.kroll.de\/"},{"@type":"ListItem","position":2,"name":"Kontaktformular"}]},{"@type":"WebSite","@id":"https:\/\/www.kroll.de\/#website","url":"https:\/\/www.kroll.de\/","name":"Kroll Energy GmbH","description":"Energy expertise in a class of its own","publisher":{"@id":"https:\/\/www.kroll.de\/#organization"},"potentialAction":[{"@type":"SearchAction","target":{"@type":"EntryPoint","urlTemplate":"https:\/\/www.kroll.de\/?s={search_term_string}"},"query-input":{"@type":"PropertyValueSpecification","valueRequired":true,"valueName":"search_term_string"}}],"inLanguage":"en-GB"},{"@type":"Organization","@id":"https:\/\/www.kroll.de\/#organization","name":"Kroll Energy GmbH","url":"https:\/\/www.kroll.de\/","logo":{"@type":"ImageObject","inLanguage":"en-GB","@id":"https:\/\/www.kroll.de\/#\/schema\/logo\/image\/","url":"https:\/\/www.kroll.de\/wp-content\/uploads\/2022\/12\/kroll_logo_rgb_pixel_transp.png","contentUrl":"https:\/\/www.kroll.de\/wp-content\/uploads\/2022\/12\/kroll_logo_rgb_pixel_transp.png","width":2454,"height":860,"caption":"Kroll Energy GmbH"},"image":{"@id":"https:\/\/www.kroll.de\/#\/schema\/logo\/image\/"},"sameAs":["https:\/\/www.facebook.com\/KrollEnergy\/","https:\/\/www.linkedin.com\/company\/kroll-energy-gmbh\/","https:\/\/www.youtube.com\/@krollenergygmbh711"]}]}},"_links":{"self":[{"href":"https:\/\/www.kroll.de\/en\/wp-json\/wp\/v2\/pages\/6333","targetHints":{"allow":["GET"]}}],"collection":[{"href":"https:\/\/www.kroll.de\/en\/wp-json\/wp\/v2\/pages"}],"about":[{"href":"https:\/\/www.kroll.de\/en\/wp-json\/wp\/v2\/types\/page"}],"author":[{"embeddable":true,"href":"https:\/\/www.kroll.de\/en\/wp-json\/wp\/v2\/users\/4"}],"replies":[{"embeddable":true,"href":"https:\/\/www.kroll.de\/en\/wp-json\/wp\/v2\/comments?post=6333"}],"version-history":[{"count":12,"href":"https:\/\/www.kroll.de\/en\/wp-json\/wp\/v2\/pages\/6333\/revisions"}],"predecessor-version":[{"id":6349,"href":"https:\/\/www.kroll.de\/en\/wp-json\/wp\/v2\/pages\/6333\/revisions\/6349"}],"wp:attachment":[{"href":"https:\/\/www.kroll.de\/en\/wp-json\/wp\/v2\/media?parent=6333"}],"curies":[{"name":"wp","href":"https:\/\/api.w.org\/{rel}","templated":true}]}}