{"id":5753,"date":"2025-02-14T13:18:12","date_gmt":"2025-02-14T12:18:12","guid":{"rendered":"https:\/\/www.kroll.de\/?page_id=5753"},"modified":"2025-02-17T12:22:39","modified_gmt":"2025-02-17T11:22:39","slug":"in-house-events-anfrage","status":"publish","type":"page","link":"https:\/\/www.kroll.de\/en\/events\/in-house-events-anfrage\/","title":{"rendered":"In-House Event Anfrage"},"content":{"rendered":"<div data-elementor-type=\"wp-page\" data-elementor-id=\"5753\" class=\"elementor elementor-5753\" data-elementor-post-type=\"page\">\n\t\t\t\t<div class=\"has_eae_slider elementor-element elementor-element-56e5034 e-flex e-con-boxed e-con e-parent\" data-id=\"56e5034\" data-element_type=\"container\">\n\t\t\t\t\t<div class=\"e-con-inner\">\n\t\t\t\t<div class=\"elementor-element elementor-element-f98edcf elementor-view-default elementor-widget elementor-widget-icon\" data-id=\"f98edcf\" data-element_type=\"widget\" data-widget_type=\"icon.default\">\n\t\t\t\t<div class=\"elementor-widget-container\">\n\t\t\t\t\t\t\t<div class=\"elementor-icon-wrapper\">\n\t\t\t<div class=\"elementor-icon\">\n\t\t\t<svg aria-hidden=\"true\" class=\"e-font-icon-svg e-far-check-circle\" viewbox=\"0 0 512 512\" xmlns=\"http:\/\/www.w3.org\/2000\/svg\"><path d=\"M256 8C119.033 8 8 119.033 8 256s111.033 248 248 248 248-111.033 248-248S392.967 8 256 8zm0 48c110.532 0 200 89.451 200 200 0 110.532-89.451 200-200 200-110.532 0-200-89.451-200-200 0-110.532 89.451-200 200-200m140.204 130.267l-22.536-22.718c-4.667-4.705-12.265-4.736-16.97-.068L215.346 303.697l-59.792-60.277c-4.667-4.705-12.265-4.736-16.97-.069l-22.719 22.536c-4.705 4.667-4.736 12.265-.068 16.971l90.781 91.516c4.667 4.705 12.265 4.736 16.97.068l172.589-171.204c4.704-4.668 4.734-12.266.067-16.971z\"><\/path><\/svg>\t\t\t<\/div>\n\t\t<\/div>\n\t\t\t\t\t\t<\/div>\n\t\t\t\t<\/div>\n\t\t\t\t<div class=\"elementor-element elementor-element-acab838 elementor-widget elementor-widget-heading\" data-id=\"acab838\" data-element_type=\"widget\" data-settings=\"{&quot;_animation&quot;:&quot;none&quot;,&quot;_animation_delay&quot;:&quot;0&quot;}\" data-widget_type=\"heading.default\">\n\t\t\t\t<div class=\"elementor-widget-container\">\n\t\t\t\t\t<h1 class=\"elementor-heading-title elementor-size-default\">Almost done! Please confirm your registration for the prospects list.<\/h1>\t\t\t\t<\/div>\n\t\t\t\t<\/div>\n\t\t\t\t<div class=\"elementor-element elementor-element-ab49f59 elementor-widget elementor-widget-text-editor\" data-id=\"ab49f59\" data-element_type=\"widget\" data-settings=\"{&quot;_animation&quot;:&quot;none&quot;,&quot;_animation_delay&quot;:&quot;0&quot;}\" data-widget_type=\"text-editor.default\">\n\t\t\t\t<div class=\"elementor-widget-container\">\n\t\t\t\t\t\t\t\t\t<p data-start=\"661\" data-end=\"821\"><strong data-start=\"661\" data-end=\"689\">Thank you for your interest in our in-house events! What are the next steps?<br \/><\/strong><\/p><p data-start=\"661\" data-end=\"821\">To make sure that you really want to be added to the list and contacted, we will send you a confirmation e-mail. Open your e-mail inbox and look for an e-mail from Kroll Energy GmbH.<br \/><strong>Now click on the confirmation link in the e-mail.<\/strong><\/p><p><strong>Hint:<\/strong> If you do not see the e-mail in the next few minutes, check your spam folder.<\/p>\t\t\t\t\t\t\t\t<\/div>\n\t\t\t\t<\/div>\n\t\t\t\t<div class=\"elementor-element elementor-element-6921183 elementor-widget elementor-widget-heading\" data-id=\"6921183\" data-element_type=\"widget\" data-settings=\"{&quot;_animation&quot;:&quot;none&quot;,&quot;_animation_delay&quot;:&quot;0&quot;}\" data-widget_type=\"heading.default\">\n\t\t\t\t<div class=\"elementor-widget-container\">\n\t\t\t\t\t<h2 class=\"elementor-heading-title elementor-size-default\">Did you make a typing error?<\/h2>\t\t\t\t<\/div>\n\t\t\t\t<\/div>\n\t\t\t\t<div class=\"elementor-element elementor-element-9890d7b elementor-widget elementor-widget-text-editor\" data-id=\"9890d7b\" data-element_type=\"widget\" data-settings=\"{&quot;_animation&quot;:&quot;none&quot;,&quot;_animation_delay&quot;:&quot;0&quot;}\" data-widget_type=\"text-editor.default\">\n\t\t\t\t<div class=\"elementor-widget-container\">\n\t\t\t\t\t\t\t\t\t<p data-pm-slice=\"1 1 []\">Register here for the prospects list for our in-house events and stay up to date at all times.<\/p>\t\t\t\t\t\t\t\t<\/div>\n\t\t\t\t<\/div>\n\t\t\t\t<div class=\"elementor-element elementor-element-a49a018 elementor-widget elementor-widget-html\" data-id=\"a49a018\" data-element_type=\"widget\" data-widget_type=\"html.default\">\n\t\t\t\t<div class=\"elementor-widget-container\">\n\t\t\t\t\t<!-- Begin Brevo Form -->\n<!-- START - We recommend to place the below code in head tag of your website html  -->\n<style>\n  @font-face {\n    font-display: block;\n    font-family: Roboto;\n    src: url(https:\/\/assets.brevo.com\/font\/Roboto\/Latin\/normal\/normal\/7529907e9eaf8ebb5220c5f9850e3811.woff2) format(\"woff2\"), url(https:\/\/assets.brevo.com\/font\/Roboto\/Latin\/normal\/normal\/25c678feafdc175a70922a116c9be3e7.woff) format(\"woff\")\n  }\n\n  @font-face {\n    font-display: fallback;\n    font-family: Roboto;\n    font-weight: 600;\n    src: url(https:\/\/assets.brevo.com\/font\/Roboto\/Latin\/medium\/normal\/6e9caeeafb1f3491be3e32744bc30440.woff2) format(\"woff2\"), url(https:\/\/assets.brevo.com\/font\/Roboto\/Latin\/medium\/normal\/71501f0d8d5aa95960f6475d5487d4c2.woff) format(\"woff\")\n  }\n\n  @font-face {\n    font-display: fallback;\n    font-family: Roboto;\n    font-weight: 700;\n    src: url(https:\/\/assets.brevo.com\/font\/Roboto\/Latin\/bold\/normal\/3ef7cf158f310cf752d5ad08cd0e7e60.woff2) format(\"woff2\"), url(https:\/\/assets.brevo.com\/font\/Roboto\/Latin\/bold\/normal\/ece3a1d82f18b60bcce0211725c476aa.woff) format(\"woff\")\n  }\n\n  #sib-container input:-ms-input-placeholder {\n    text-align: left;\n    font-family: Helvetica, sans-serif;\n    color: #c0ccda;\n  }\n\n  #sib-container input::placeholder {\n    text-align: left;\n    font-family: Helvetica, sans-serif;\n    color: #c0ccda;\n  }\n\n  #sib-container textarea::placeholder {\n    text-align: left;\n    font-family: Helvetica, sans-serif;\n    color: #c0ccda;\n  }\n\n  #sib-container a {\n    text-decoration: underline;\n    color: #2BB2FC;\n  }\n<\/style>\n<link rel=\"stylesheet\" href=\"https:\/\/sibforms.com\/forms\/end-form\/build\/sib-styles.css\">\n<!--  END - We recommend to place the above code in head tag of your website html -->\n\n<!-- START - We recommend to place the below code where you want the form in your website html  -->\n<div class=\"sib-form\" style=\"text-align: center;         background-color: transparent;                                 \">\n  <div id=\"sib-form-container\" class=\"sib-form-container\">\n    <div id=\"error-message\" class=\"sib-form-message-panel\" style=\"font-size:16px; text-align:left; font-family:Helvetica, sans-serif; color:#661d1d; background-color:#ffeded; border-radius:3px; border-color:#ff4949;max-width:540px;\">\n      <div class=\"sib-form-message-panel__text sib-form-message-panel__text--center\">\n        <svg viewbox=\"0 0 512 512\" class=\"sib-icon sib-notification__icon\">\n          <path d=\"M256 40c118.621 0 216 96.075 216 216 0 119.291-96.61 216-216 216-119.244 0-216-96.562-216-216 0-119.203 96.602-216 216-216m0-32C119.043 8 8 119.083 8 256c0 136.997 111.043 248 248 248s248-111.003 248-248C504 119.083 392.957 8 256 8zm-11.49 120h22.979c6.823 0 12.274 5.682 11.99 12.5l-7 168c-.268 6.428-5.556 11.5-11.99 11.5h-8.979c-6.433 0-11.722-5.073-11.99-11.5l-7-168c-.283-6.818 5.167-12.5 11.99-12.5zM256 340c-15.464 0-28 12.536-28 28s12.536 28 28 28 28-12.536 28-28-12.536-28-28-28z\" \/>\n        <\/svg>\n        <span class=\"sib-form-message-panel__inner-text\">\n                          Deine Anmeldung konnte nicht gespeichert werden. Bitte versuche es erneut.\n                      <\/span>\n      <\/div>\n    <\/div>\n    <div><\/div>\n    <div id=\"success-message\" class=\"sib-form-message-panel\" style=\"font-size:16px; text-align:left; font-family:Helvetica, sans-serif; color:#085229; background-color:#e7faf0; border-radius:3px; border-color:#13ce66;max-width:540px;\">\n      <div class=\"sib-form-message-panel__text sib-form-message-panel__text--center\">\n        <svg viewbox=\"0 0 512 512\" class=\"sib-icon sib-notification__icon\">\n          <path d=\"M256 8C119.033 8 8 119.033 8 256s111.033 248 248 248 248-111.033 248-248S392.967 8 256 8zm0 464c-118.664 0-216-96.055-216-216 0-118.663 96.055-216 216-216 118.664 0 216 96.055 216 216 0 118.663-96.055 216-216 216zm141.63-274.961L217.15 376.071c-4.705 4.667-12.303 4.637-16.97-.068l-85.878-86.572c-4.667-4.705-4.637-12.303.068-16.97l8.52-8.451c4.705-4.667 12.303-4.637 16.97.068l68.976 69.533 163.441-162.13c4.705-4.667 12.303-4.637 16.97.068l8.451 8.52c4.668 4.705 4.637 12.303-.068 16.97z\" \/>\n        <\/svg>\n        <span class=\"sib-form-message-panel__inner-text\">\n                          Deine Anmeldung war erfolgreich.\n                      <\/span>\n      <\/div>\n    <\/div>\n    <div><\/div>\n    <div id=\"sib-container\" class=\"sib-container--large sib-container--vertical\" style=\"text-align:center; background-color:rgba(255,255,255,1); max-width:540px; border-radius:3px; border-width:1px; border-color:#C0CCD9; border-style:solid; direction:ltr\">\n      <form id=\"sib-form\" method=\"POST\" action=\"https:\/\/350048ca.sibforms.com\/serve\/MUIFADtOjPeG50uPFJPUY9qksbAMcGFzROY9KVlWhAGuwcKB8tnxFwP9s6Q2tHfLAmY96B2kOCCdq-3zk292GO-JND33WbTf24MeGo11jQVAKYjgdlMuTxsTEgdI6647kpOHXK1j208C9jJRKST9bHNvNBU_AfaTHQU18HcX9zyimut-yFsxWqxCR1hwNosAuWQvRiE-JN5W55LD\" data-type=\"subscription\">\n        <div style=\"padding: 8px 0;\">\n          <div class=\"sib-input sib-form-block\">\n            <div class=\"form__entry entry_block\">\n              <div class=\"form__label-row\">\n\n                <div class=\"entry__field\">\n                  <input class=\"input\" type=\"text\" id=\"EMAIL\" name=\"EMAIL\" autocomplete=\"off\" placeholder=\"EMAIL\" data-required=\"true\" required \/>\n                <\/div>\n              <\/div>\n\n              <label class=\"entry__error entry__error--primary\" style=\"font-size:16px; text-align:left; font-family:Helvetica, sans-serif; color:#661d1d; background-color:#ffeded; border-radius:3px; border-color:#ff4949;\">\n              <\/label>\n            <\/div>\n          <\/div>\n        <\/div>\n        <div style=\"padding: 8px 0;\">\n          <div class=\"sib-optin sib-form-block\" data-required=\"true\">\n            <div class=\"form__entry entry_mcq\">\n              <div class=\"form__label-row\">\n                <div class=\"entry__choice\" style=\"\">\n                  <label>\n                    <input type=\"checkbox\" class=\"input_replaced\" value=\"1\" id=\"OPT_IN\" name=\"OPT_IN\" required \/>\n                    <span class=\"checkbox checkbox_tick_positive\"\n            style=\"margin-left:\"\n            ><\/span><span style=\"font-size:12px; text-align:left; font-family:Helvetica, sans-serif; color:#3C4858; background-color:transparent;\"><p>I accept the privacy policy.<\/p><span data-required=\"*\" style=\"display: inline;\" class=\"entry__label entry__label_optin\"><\/span><\/span> <\/label>\n                <\/div>\n              <\/div>\n              <label class=\"entry__error entry__error--primary\" style=\"font-size:16px; text-align:left; font-family:Helvetica, sans-serif; color:#661d1d; background-color:#ffeded; border-radius:3px; border-color:#ff4949;\">\n              <\/label>\n            <\/div>\n          <\/div>\n        <\/div>\n        <div style=\"padding: 8px 0;\">\n          <div class=\"sib-form-block\" style=\"text-align: left\">\n            <button class=\"sib-form-block__button sib-form-block__button-with-loader\" style=\"font-size:15px; text-align:left; font-weight:700; font-family:Helvetica, sans-serif; color:#FFFFFF; background-color:#119500; border-width:0px;\" form=\"sib-form\" type=\"submit\">\n              <svg class=\"icon clickable__icon progress-indicator__icon sib-hide-loader-icon\" viewbox=\"0 0 512 512\">\n                <path d=\"M460.116 373.846l-20.823-12.022c-5.541-3.199-7.54-10.159-4.663-15.874 30.137-59.886 28.343-131.652-5.386-189.946-33.641-58.394-94.896-95.833-161.827-99.676C261.028 55.961 256 50.751 256 44.352V20.309c0-6.904 5.808-12.337 12.703-11.982 83.556 4.306 160.163 50.864 202.11 123.677 42.063 72.696 44.079 162.316 6.031 236.832-3.14 6.148-10.75 8.461-16.728 5.01z\" \/>\n              <\/svg>\n              SECURE YOUR SPOT\n            <\/button>\n          <\/div>\n        <\/div>\n\n        <input type=\"text\" name=\"email_address_check\" value=\"\" class=\"input--hidden\">\n        <input type=\"hidden\" name=\"locale\" value=\"de\">\n      <\/form>\n    <\/div>\n  <\/div>\n<\/div>\n<!-- END - We recommend to place the above code where you want the form in your website html  -->\n\n<!-- START - We recommend to place the below code in footer or bottom of your website html  -->\n<script>\n  window.REQUIRED_CODE_ERROR_MESSAGE = 'W\u00e4hle bitte einen L\u00e4ndervorwahl aus.';\n  window.LOCALE = 'de';\n  window.EMAIL_INVALID_MESSAGE = window.SMS_INVALID_MESSAGE = \"Die eingegebenen Informationen sind nicht g\u00fcltig. Bitte \u00fcberpr\u00fcfe das Feldformat und versuche es erneut.\";\n\n  window.REQUIRED_ERROR_MESSAGE = \"Dieses Feld darf nicht leer sein. \";\n\n  window.GENERIC_INVALID_MESSAGE = \"Die eingegebenen Informationen sind nicht g\u00fcltig. Bitte \u00fcberpr\u00fcfe das Feldformat und versuche es erneut.\";\n\n\n\n\n  window.translation = {\n    common: {\n      selectedList: '{quantity} Liste ausgew\u00e4hlt',\n      selectedLists: '{quantity} Listen ausgew\u00e4hlt'\n    }\n  };\n\n  var AUTOHIDE = Boolean(0);\n<\/script>\n\n<script defer src=\"https:\/\/sibforms.com\/forms\/end-form\/build\/main.js\"><\/script>\n\n\n<!-- END - We recommend to place the above code in footer or bottom of your website html  -->\n<!-- End Brevo Form -->\t\t\t\t<\/div>\n\t\t\t\t<\/div>\n\t\t\t\t\t<\/div>\n\t\t\t\t<\/div>\n\t\t\t\t<\/div>","protected":false},"excerpt":{"rendered":"<p>Fast geschafft! Bitte best\u00e4tigen Sie Ihre Anmeldung zur Interessentenliste. Vielen Dank f\u00fcr Ihr Interesse an unseren In-House Events! Was sind die n\u00e4chsten Schritte? Damit wir sicherstellen k\u00f6nnen, dass Sie wirklich zur Liste hinzugef\u00fcgt und dahingehend kontaktiert werden m\u00f6chten, senden wir Ihnen eine Best\u00e4tigungsmail.\u00a0\u00d6ffnen Sie Ihr E-Mail-Postfach und suchen Sie nach einer E-Mail von Kroll Energy [&hellip;]<\/p>\n","protected":false},"author":4,"featured_media":0,"parent":4705,"menu_order":0,"comment_status":"closed","ping_status":"closed","template":"elementor_header_footer","meta":{"_acf_changed":false,"footnotes":""},"class_list":["post-5753","page","type-page","status-publish","hentry"],"acf":[],"yoast_head":"<!-- This site is optimized with the Yoast SEO plugin v24.4 - https:\/\/yoast.com\/wordpress\/plugins\/seo\/ -->\n<title>In-House Event Anfrage - Kroll Energy GmbH<\/title>\n<meta name=\"robots\" content=\"index, follow, max-snippet:-1, max-image-preview:large, max-video-preview:-1\" \/>\n<link rel=\"canonical\" href=\"https:\/\/www.kroll.de\/en\/events\/in-house-events-anfrage\/\" \/>\n<meta property=\"og:locale\" content=\"en_GB\" \/>\n<meta property=\"og:type\" content=\"article\" \/>\n<meta property=\"og:title\" content=\"In-House Event Anfrage - Kroll Energy GmbH\" \/>\n<meta property=\"og:description\" content=\"Fast geschafft! Bitte best\u00e4tigen Sie Ihre Anmeldung zur Interessentenliste. Vielen Dank f\u00fcr Ihr Interesse an unseren In-House Events! Was sind die n\u00e4chsten Schritte? Damit wir sicherstellen k\u00f6nnen, dass Sie wirklich zur Liste hinzugef\u00fcgt und dahingehend kontaktiert werden m\u00f6chten, senden wir Ihnen eine Best\u00e4tigungsmail.\u00a0\u00d6ffnen Sie Ihr E-Mail-Postfach und suchen Sie nach einer E-Mail von Kroll Energy [&hellip;]\" \/>\n<meta property=\"og:url\" content=\"https:\/\/www.kroll.de\/en\/events\/in-house-events-anfrage\/\" \/>\n<meta property=\"og:site_name\" content=\"Kroll Energy GmbH\" \/>\n<meta property=\"article:publisher\" content=\"https:\/\/www.facebook.com\/KrollEnergy\/\" \/>\n<meta property=\"article:modified_time\" content=\"2025-02-17T11:22:39+00:00\" \/>\n<meta name=\"twitter:card\" content=\"summary_large_image\" \/>\n<meta name=\"twitter:label1\" content=\"Estimated reading time\" \/>\n\t<meta name=\"twitter:data1\" content=\"1 minute\" \/>\n<script type=\"application\/ld+json\" class=\"yoast-schema-graph\">{\"@context\":\"https:\/\/schema.org\",\"@graph\":[{\"@type\":\"WebPage\",\"@id\":\"https:\/\/www.kroll.de\/events\/in-house-events-anfrage\/\",\"url\":\"https:\/\/www.kroll.de\/events\/in-house-events-anfrage\/\",\"name\":\"In-House Event Anfrage - Kroll Energy GmbH\",\"isPartOf\":{\"@id\":\"https:\/\/www.kroll.de\/#website\"},\"datePublished\":\"2025-02-14T12:18:12+00:00\",\"dateModified\":\"2025-02-17T11:22:39+00:00\",\"breadcrumb\":{\"@id\":\"https:\/\/www.kroll.de\/events\/in-house-events-anfrage\/#breadcrumb\"},\"inLanguage\":\"en-GB\",\"potentialAction\":[{\"@type\":\"ReadAction\",\"target\":[\"https:\/\/www.kroll.de\/events\/in-house-events-anfrage\/\"]}]},{\"@type\":\"BreadcrumbList\",\"@id\":\"https:\/\/www.kroll.de\/events\/in-house-events-anfrage\/#breadcrumb\",\"itemListElement\":[{\"@type\":\"ListItem\",\"position\":1,\"name\":\"Startseite\",\"item\":\"https:\/\/www.kroll.de\/\"},{\"@type\":\"ListItem\",\"position\":2,\"name\":\"Events\",\"item\":\"https:\/\/www.kroll.de\/events\/\"},{\"@type\":\"ListItem\",\"position\":3,\"name\":\"In-House Event Anfrage\"}]},{\"@type\":\"WebSite\",\"@id\":\"https:\/\/www.kroll.de\/#website\",\"url\":\"https:\/\/www.kroll.de\/\",\"name\":\"Kroll Energy GmbH\",\"description\":\"Energiekompetenz der Extraklasse\",\"publisher\":{\"@id\":\"https:\/\/www.kroll.de\/#organization\"},\"potentialAction\":[{\"@type\":\"SearchAction\",\"target\":{\"@type\":\"EntryPoint\",\"urlTemplate\":\"https:\/\/www.kroll.de\/?s={search_term_string}\"},\"query-input\":{\"@type\":\"PropertyValueSpecification\",\"valueRequired\":true,\"valueName\":\"search_term_string\"}}],\"inLanguage\":\"en-GB\"},{\"@type\":\"Organization\",\"@id\":\"https:\/\/www.kroll.de\/#organization\",\"name\":\"Kroll Energy GmbH\",\"url\":\"https:\/\/www.kroll.de\/\",\"logo\":{\"@type\":\"ImageObject\",\"inLanguage\":\"en-GB\",\"@id\":\"https:\/\/www.kroll.de\/#\/schema\/logo\/image\/\",\"url\":\"https:\/\/www.kroll.de\/wp-content\/uploads\/2022\/12\/kroll_logo_rgb_pixel_transp.png\",\"contentUrl\":\"https:\/\/www.kroll.de\/wp-content\/uploads\/2022\/12\/kroll_logo_rgb_pixel_transp.png\",\"width\":2454,\"height\":860,\"caption\":\"Kroll Energy GmbH\"},\"image\":{\"@id\":\"https:\/\/www.kroll.de\/#\/schema\/logo\/image\/\"},\"sameAs\":[\"https:\/\/www.facebook.com\/KrollEnergy\/\",\"https:\/\/www.linkedin.com\/company\/kroll-energy-gmbh\/\",\"https:\/\/www.youtube.com\/@krollenergygmbh711\"]}]}<\/script>\n<!-- \/ Yoast SEO plugin. -->","yoast_head_json":{"title":"In-House Event Anfrage - Kroll Energy GmbH","robots":{"index":"index","follow":"follow","max-snippet":"max-snippet:-1","max-image-preview":"max-image-preview:large","max-video-preview":"max-video-preview:-1"},"canonical":"https:\/\/www.kroll.de\/en\/events\/in-house-events-anfrage\/","og_locale":"en_GB","og_type":"article","og_title":"In-House Event Anfrage - Kroll Energy GmbH","og_description":"Fast geschafft! Bitte best\u00e4tigen Sie Ihre Anmeldung zur Interessentenliste. Vielen Dank f\u00fcr Ihr Interesse an unseren In-House Events! Was sind die n\u00e4chsten Schritte? Damit wir sicherstellen k\u00f6nnen, dass Sie wirklich zur Liste hinzugef\u00fcgt und dahingehend kontaktiert werden m\u00f6chten, senden wir Ihnen eine Best\u00e4tigungsmail.\u00a0\u00d6ffnen Sie Ihr E-Mail-Postfach und suchen Sie nach einer E-Mail von Kroll Energy [&hellip;]","og_url":"https:\/\/www.kroll.de\/en\/events\/in-house-events-anfrage\/","og_site_name":"Kroll Energy GmbH","article_publisher":"https:\/\/www.facebook.com\/KrollEnergy\/","article_modified_time":"2025-02-17T11:22:39+00:00","twitter_card":"summary_large_image","twitter_misc":{"Estimated reading time":"1 minute"},"schema":{"@context":"https:\/\/schema.org","@graph":[{"@type":"WebPage","@id":"https:\/\/www.kroll.de\/events\/in-house-events-anfrage\/","url":"https:\/\/www.kroll.de\/events\/in-house-events-anfrage\/","name":"In-House Event Anfrage - Kroll Energy GmbH","isPartOf":{"@id":"https:\/\/www.kroll.de\/#website"},"datePublished":"2025-02-14T12:18:12+00:00","dateModified":"2025-02-17T11:22:39+00:00","breadcrumb":{"@id":"https:\/\/www.kroll.de\/events\/in-house-events-anfrage\/#breadcrumb"},"inLanguage":"en-GB","potentialAction":[{"@type":"ReadAction","target":["https:\/\/www.kroll.de\/events\/in-house-events-anfrage\/"]}]},{"@type":"BreadcrumbList","@id":"https:\/\/www.kroll.de\/events\/in-house-events-anfrage\/#breadcrumb","itemListElement":[{"@type":"ListItem","position":1,"name":"Startseite","item":"https:\/\/www.kroll.de\/"},{"@type":"ListItem","position":2,"name":"Events","item":"https:\/\/www.kroll.de\/events\/"},{"@type":"ListItem","position":3,"name":"In-House Event Anfrage"}]},{"@type":"WebSite","@id":"https:\/\/www.kroll.de\/#website","url":"https:\/\/www.kroll.de\/","name":"Kroll Energy GmbH","description":"Energy expertise in a class of its own","publisher":{"@id":"https:\/\/www.kroll.de\/#organization"},"potentialAction":[{"@type":"SearchAction","target":{"@type":"EntryPoint","urlTemplate":"https:\/\/www.kroll.de\/?s={search_term_string}"},"query-input":{"@type":"PropertyValueSpecification","valueRequired":true,"valueName":"search_term_string"}}],"inLanguage":"en-GB"},{"@type":"Organization","@id":"https:\/\/www.kroll.de\/#organization","name":"Kroll Energy GmbH","url":"https:\/\/www.kroll.de\/","logo":{"@type":"ImageObject","inLanguage":"en-GB","@id":"https:\/\/www.kroll.de\/#\/schema\/logo\/image\/","url":"https:\/\/www.kroll.de\/wp-content\/uploads\/2022\/12\/kroll_logo_rgb_pixel_transp.png","contentUrl":"https:\/\/www.kroll.de\/wp-content\/uploads\/2022\/12\/kroll_logo_rgb_pixel_transp.png","width":2454,"height":860,"caption":"Kroll Energy GmbH"},"image":{"@id":"https:\/\/www.kroll.de\/#\/schema\/logo\/image\/"},"sameAs":["https:\/\/www.facebook.com\/KrollEnergy\/","https:\/\/www.linkedin.com\/company\/kroll-energy-gmbh\/","https:\/\/www.youtube.com\/@krollenergygmbh711"]}]}},"_links":{"self":[{"href":"https:\/\/www.kroll.de\/en\/wp-json\/wp\/v2\/pages\/5753","targetHints":{"allow":["GET"]}}],"collection":[{"href":"https:\/\/www.kroll.de\/en\/wp-json\/wp\/v2\/pages"}],"about":[{"href":"https:\/\/www.kroll.de\/en\/wp-json\/wp\/v2\/types\/page"}],"author":[{"embeddable":true,"href":"https:\/\/www.kroll.de\/en\/wp-json\/wp\/v2\/users\/4"}],"replies":[{"embeddable":true,"href":"https:\/\/www.kroll.de\/en\/wp-json\/wp\/v2\/comments?post=5753"}],"version-history":[{"count":13,"href":"https:\/\/www.kroll.de\/en\/wp-json\/wp\/v2\/pages\/5753\/revisions"}],"predecessor-version":[{"id":5851,"href":"https:\/\/www.kroll.de\/en\/wp-json\/wp\/v2\/pages\/5753\/revisions\/5851"}],"up":[{"embeddable":true,"href":"https:\/\/www.kroll.de\/en\/wp-json\/wp\/v2\/pages\/4705"}],"wp:attachment":[{"href":"https:\/\/www.kroll.de\/en\/wp-json\/wp\/v2\/media?parent=5753"}],"curies":[{"name":"wp","href":"https:\/\/api.w.org\/{rel}","templated":true}]}}