{"id":1386,"date":"2023-03-01T10:11:45","date_gmt":"2023-03-01T09:11:45","guid":{"rendered":"https:\/\/www.kroll.de\/?page_id=1386"},"modified":"2026-03-03T14:11:36","modified_gmt":"2026-03-03T13:11:36","slug":"impressum","status":"publish","type":"page","link":"https:\/\/www.kroll.de\/en\/impressum\/","title":{"rendered":"Legals"},"content":{"rendered":"<div data-elementor-type=\"wp-page\" data-elementor-id=\"1386\" class=\"elementor elementor-1386\" data-elementor-post-type=\"page\">\n\t\t\t\t<div class=\"has_eae_slider elementor-element elementor-element-1e18d0bd e-flex e-con-boxed e-con e-parent\" data-id=\"1e18d0bd\" data-element_type=\"container\" data-settings=\"{&quot;background_background&quot;:&quot;classic&quot;}\">\n\t\t\t\t\t<div class=\"e-con-inner\">\n\t\t<div class=\"has_eae_slider elementor-element elementor-element-492f379b e-flex e-con-boxed e-con e-child\" data-id=\"492f379b\" data-element_type=\"container\" data-settings=\"{&quot;background_background&quot;:&quot;classic&quot;}\">\n\t\t\t\t\t<div class=\"e-con-inner\">\n\t\t<div class=\"has_eae_slider elementor-element elementor-element-11504c59 e-flex e-con-boxed e-con e-child\" data-id=\"11504c59\" data-element_type=\"container\">\n\t\t\t\t\t<div class=\"e-con-inner\">\n\t\t\t\t<div class=\"elementor-element elementor-element-6a6f3504 elementor-view-default elementor-widget elementor-widget-icon\" data-id=\"6a6f3504\" data-element_type=\"widget\" data-widget_type=\"icon.default\">\n\t\t\t\t<div class=\"elementor-widget-container\">\n\t\t\t\t\t\t\t<div class=\"elementor-icon-wrapper\">\n\t\t\t<div class=\"elementor-icon\">\n\t\t\t<svg aria-hidden=\"true\" class=\"e-font-icon-svg e-fas-angle-double-right\" viewbox=\"0 0 448 512\" xmlns=\"http:\/\/www.w3.org\/2000\/svg\"><path d=\"M224.3 273l-136 136c-9.4 9.4-24.6 9.4-33.9 0l-22.6-22.6c-9.4-9.4-9.4-24.6 0-33.9l96.4-96.4-96.4-96.4c-9.4-9.4-9.4-24.6 0-33.9L54.3 103c9.4-9.4 24.6-9.4 33.9 0l136 136c9.5 9.4 9.5 24.6.1 34zm192-34l-136-136c-9.4-9.4-24.6-9.4-33.9 0l-22.6 22.6c-9.4 9.4-9.4 24.6 0 33.9l96.4 96.4-96.4 96.4c-9.4 9.4-9.4 24.6 0 33.9l22.6 22.6c9.4 9.4 24.6 9.4 33.9 0l136-136c9.4-9.2 9.4-24.4 0-33.8z\"><\/path><\/svg>\t\t\t<\/div>\n\t\t<\/div>\n\t\t\t\t\t\t<\/div>\n\t\t\t\t<\/div>\n\t\t\t\t<div class=\"elementor-element elementor-element-10bbf95f elementor-widget elementor-widget-heading\" data-id=\"10bbf95f\" data-element_type=\"widget\" data-widget_type=\"heading.default\">\n\t\t\t\t<div class=\"elementor-widget-container\">\n\t\t\t\t\t<h1 class=\"elementor-heading-title elementor-size-default\">Legals<\/h1>\t\t\t\t<\/div>\n\t\t\t\t<\/div>\n\t\t\t\t\t<\/div>\n\t\t\t\t<\/div>\n\t\t<div class=\"has_eae_slider elementor-element elementor-element-76d4471b e-flex e-con-boxed e-con e-child\" data-id=\"76d4471b\" data-element_type=\"container\">\n\t\t\t\t\t<div class=\"e-con-inner\">\n\t\t\t\t\t<\/div>\n\t\t\t\t<\/div>\n\t\t\t\t\t<\/div>\n\t\t\t\t<\/div>\n\t\t\t\t\t<\/div>\n\t\t\t\t<\/div>\n\t\t<div class=\"has_eae_slider elementor-element elementor-element-6dbba55 e-flex e-con-boxed e-con e-parent\" data-id=\"6dbba55\" data-element_type=\"container\">\n\t\t\t\t\t<div class=\"e-con-inner\">\n\t\t\t\t<div class=\"elementor-element elementor-element-4240989 elementor-widget elementor-widget-heading\" data-id=\"4240989\" data-element_type=\"widget\" data-widget_type=\"heading.default\">\n\t\t\t\t<div class=\"elementor-widget-container\">\n\t\t\t\t\t<h2 class=\"elementor-heading-title elementor-size-default\">Publisher<\/h2>\t\t\t\t<\/div>\n\t\t\t\t<\/div>\n\t\t\t\t<div class=\"elementor-element elementor-element-cb9937c elementor-widget elementor-widget-text-editor\" data-id=\"cb9937c\" data-element_type=\"widget\" data-widget_type=\"text-editor.default\">\n\t\t\t\t<div class=\"elementor-widget-container\">\n\t\t\t\t\t\t\t\t\t<p>Kroll Energy GmbH<br \/>Eduard-Breuninger-Stra\u00dfe 67<br \/>D-71522 Backnang<\/p><p>Phone: +49 7191 9070 200<br \/>Fax: +49 7191 9070 201<br \/>eMail: <a href=\"mailto:vertrieb@kroll.de\">vertrieb@kroll.de<\/a><br \/>Website: <a href=\"https:\/\/www.kroll.de\/en\/\">https:\/\/www.kroll.de<\/a><\/p><p>Gesch\u00e4ftsf\u00fchrung: Peter Kahl<\/p><p>Sitz der Gesellschaft: Backnang<br \/>Register court: Stuttgart, HRB 749412<br \/>Sales tax identification number: DE296072645<\/p>\t\t\t\t\t\t\t\t<\/div>\n\t\t\t\t<\/div>\n\t\t\t\t<div class=\"elementor-element elementor-element-5ead9e9 elementor-widget elementor-widget-heading\" data-id=\"5ead9e9\" data-element_type=\"widget\" data-widget_type=\"heading.default\">\n\t\t\t\t<div class=\"elementor-widget-container\">\n\t\t\t\t\t<h2 class=\"elementor-heading-title elementor-size-default\">Liability for links<\/h2>\t\t\t\t<\/div>\n\t\t\t\t<\/div>\n\t\t\t\t<div class=\"elementor-element elementor-element-c340c51 elementor-widget elementor-widget-text-editor\" data-id=\"c340c51\" data-element_type=\"widget\" data-widget_type=\"text-editor.default\">\n\t\t\t\t<div class=\"elementor-widget-container\">\n\t\t\t\t\t\t\t\t\t<p>Our offer contains links to external websites of third parties, on whose contents we have no influence. Therefore, we cannot assume any liability for these external contents. The respective provider or operator of the pages is always responsible for the content of the linked pages. The linked pages were checked for possible legal violations at the time of linking. Illegal contents were not recognizable at the time of linking. However, a permanent control of the contents of the linked pages is not reasonable without concrete evidence of a violation of the law. If we become aware of any infringements, we will remove such links immediately.\u00a0<\/p>\t\t\t\t\t\t\t\t<\/div>\n\t\t\t\t<\/div>\n\t\t\t\t<div class=\"elementor-element elementor-element-d09f489 elementor-widget elementor-widget-heading\" data-id=\"d09f489\" data-element_type=\"widget\" data-widget_type=\"heading.default\">\n\t\t\t\t<div class=\"elementor-widget-container\">\n\t\t\t\t\t<h2 class=\"elementor-heading-title elementor-size-default\">Copyright<\/h2>\t\t\t\t<\/div>\n\t\t\t\t<\/div>\n\t\t\t\t<div class=\"elementor-element elementor-element-ba69a35 elementor-widget elementor-widget-text-editor\" data-id=\"ba69a35\" data-element_type=\"widget\" data-widget_type=\"text-editor.default\">\n\t\t\t\t<div class=\"elementor-widget-container\">\n\t\t\t\t\t\t\t\t\t<p>The operators of the pages endeavor to always respect the copyrights of others or to use their own or license-free works. The content and works created by the site operators on these pages are subject to German copyright law. Contributions of third parties are marked as such. Duplication, processing, distribution, or any form of commercialization of such material beyond the scope of the copyright law shall require the prior written consent of its respective author or creator. Downloads and copies of this site are only permitted for private, non-commercial use.\u00a0<\/p>\t\t\t\t\t\t\t\t<\/div>\n\t\t\t\t<\/div>\n\t\t\t\t<div class=\"elementor-element elementor-element-f5b8f73 elementor-widget elementor-widget-heading\" data-id=\"f5b8f73\" data-element_type=\"widget\" data-widget_type=\"heading.default\">\n\t\t\t\t<div class=\"elementor-widget-container\">\n\t\t\t\t\t<h2 class=\"elementor-heading-title elementor-size-default\">Privacy Policy<\/h2>\t\t\t\t<\/div>\n\t\t\t\t<\/div>\n\t\t\t\t<div class=\"elementor-element elementor-element-b0380df elementor-widget elementor-widget-text-editor\" data-id=\"b0380df\" data-element_type=\"widget\" data-widget_type=\"text-editor.default\">\n\t\t\t\t<div class=\"elementor-widget-container\">\n\t\t\t\t\t\t\t\t\t<p>Soweit auf unseren Seiten personenbezogene Daten (beispielsweise Name, Anschrift oder E-Mail-Adressen) erhoben werden, erfolgt dies, soweit m\u00f6glich, stets auf freiwilliger Basis. Die Nutzung der Angebote und Dienste ist, soweit m\u00f6glich, stets ohne Angabe personenbezogener Daten m\u00f6glich. Der Nutzung von im Rahmen der Impressumspflicht ver\u00f6ffentlichten Kontaktdaten durch Dritte zur \u00dcbersendung von nicht ausdr\u00fccklich angeforderter Werbung und Informationsmaterialien wird hiermit ausdr\u00fccklich widersprochen. Die Betreiber der Seiten behalten sich ausdr\u00fccklich rechtliche Schritte im Falle der unverlangten Zusendung von Werbeinformationen, etwa durch Spam-Mails, vor.\u00a0<\/p>\t\t\t\t\t\t\t\t<\/div>\n\t\t\t\t<\/div>\n\t\t\t\t<div class=\"elementor-element elementor-element-dbf6853 elementor-widget elementor-widget-heading\" data-id=\"dbf6853\" data-element_type=\"widget\" data-widget_type=\"heading.default\">\n\t\t\t\t<div class=\"elementor-widget-container\">\n\t\t\t\t\t<h2 class=\"elementor-heading-title elementor-size-default\">Legal notice: Website analysis<\/h2>\t\t\t\t<\/div>\n\t\t\t\t<\/div>\n\t\t\t\t<div class=\"elementor-element elementor-element-49f98a4 elementor-widget elementor-widget-text-editor\" data-id=\"49f98a4\" data-element_type=\"widget\" data-widget_type=\"text-editor.default\">\n\t\t\t\t<div class=\"elementor-widget-container\">\n\t\t\t\t\t\t\t\t\t<p>This website uses Google Analytics, a web analytics service provided by Google, Inc (\"Google\"). Google Analytics uses \"cookies\", which are text files placed on your computer, to help the website analyze how users use the site. The information generated by the cookie about your use of this website (including your IP address) will be transmitted to and stored by Google on servers in the United States. Google will use this information for the purpose of evaluating your use of the website, compiling reports on website activity for website operators and providing other services relating to website activity and internet usage. Google may also transfer this information to third parties where required to do so by law, or where such third parties process the information on Google's behalf. Google will not associate your IP address with any other data held by Google. You may refuse the use of cookies by selecting the appropriate settings on your browser, however please note that if you do this you may not be able to use the full functionality of this website. By using this website, you consent to the processing of data about you by Google in the manner and for the purposes set out above.<\/p>\t\t\t\t\t\t\t\t<\/div>\n\t\t\t\t<\/div>\n\t\t\t\t\t<\/div>\n\t\t\t\t<\/div>\n\t\t\t\t<\/div>","protected":false},"excerpt":{"rendered":"<p>Impressum Herausgeber Kroll Energy GmbHEduard-Breuninger-Stra\u00dfe 67D-71522 Backnang Telefon: +49 7191 9070 200Telefax: +49 7191 9070 201eMail: vertrieb@kroll.deInternet: https:\/\/www.kroll.de Gesch\u00e4ftsf\u00fchrung: Peter Kahl Sitz der Gesellschaft: BacknangRegistergericht: Stuttgart, HRB 749412Umsatzsteuer-Identifikationsnummer: DE296072645 Haftung f\u00fcr Links Unser Angebot enth\u00e4lt Links zu externen Webseiten Dritter, auf deren Inhalte wir keinen Einfluss haben. Deshalb k\u00f6nnen wir f\u00fcr diese fremden Inhalte auch [&hellip;]<\/p>\n","protected":false},"author":4,"featured_media":0,"parent":0,"menu_order":1001,"comment_status":"closed","ping_status":"closed","template":"elementor_header_footer","meta":{"_acf_changed":false,"footnotes":""},"class_list":["post-1386","page","type-page","status-publish","hentry"],"acf":[],"yoast_head":"<!-- This site is optimized with the Yoast SEO plugin v24.4 - https:\/\/yoast.com\/wordpress\/plugins\/seo\/ -->\n<title>Impressum - Kroll Energy GmbH<\/title>\n<meta name=\"robots\" content=\"index, follow, max-snippet:-1, max-image-preview:large, max-video-preview:-1\" \/>\n<link rel=\"canonical\" href=\"https:\/\/www.kroll.de\/en\/impressum\/\" \/>\n<meta property=\"og:locale\" content=\"en_GB\" \/>\n<meta property=\"og:type\" content=\"article\" \/>\n<meta property=\"og:title\" content=\"Impressum - Kroll Energy GmbH\" \/>\n<meta property=\"og:description\" content=\"Impressum Herausgeber Kroll Energy GmbHEduard-Breuninger-Stra\u00dfe 67D-71522 Backnang Telefon: +49 7191 9070 200Telefax: +49 7191 9070 201eMail: vertrieb@kroll.deInternet: https:\/\/www.kroll.de Gesch\u00e4ftsf\u00fchrung: Peter Kahl Sitz der Gesellschaft: BacknangRegistergericht: Stuttgart, HRB 749412Umsatzsteuer-Identifikationsnummer: DE296072645 Haftung f\u00fcr Links Unser Angebot enth\u00e4lt Links zu externen Webseiten Dritter, auf deren Inhalte wir keinen Einfluss haben. Deshalb k\u00f6nnen wir f\u00fcr diese fremden Inhalte auch [&hellip;]\" \/>\n<meta property=\"og:url\" content=\"https:\/\/www.kroll.de\/en\/impressum\/\" \/>\n<meta property=\"og:site_name\" content=\"Kroll Energy GmbH\" \/>\n<meta property=\"article:publisher\" content=\"https:\/\/www.facebook.com\/KrollEnergy\/\" \/>\n<meta property=\"article:modified_time\" content=\"2026-03-03T13:11:36+00:00\" \/>\n<meta name=\"twitter:card\" content=\"summary_large_image\" \/>\n<meta name=\"twitter:label1\" content=\"Estimated reading time\" \/>\n\t<meta name=\"twitter:data1\" content=\"3 minutes\" \/>\n<script type=\"application\/ld+json\" class=\"yoast-schema-graph\">{\"@context\":\"https:\/\/schema.org\",\"@graph\":[{\"@type\":\"WebPage\",\"@id\":\"https:\/\/www.kroll.de\/impressum\/\",\"url\":\"https:\/\/www.kroll.de\/impressum\/\",\"name\":\"Impressum - Kroll Energy GmbH\",\"isPartOf\":{\"@id\":\"https:\/\/www.kroll.de\/#website\"},\"datePublished\":\"2023-03-01T09:11:45+00:00\",\"dateModified\":\"2026-03-03T13:11:36+00:00\",\"breadcrumb\":{\"@id\":\"https:\/\/www.kroll.de\/impressum\/#breadcrumb\"},\"inLanguage\":\"en-GB\",\"potentialAction\":[{\"@type\":\"ReadAction\",\"target\":[\"https:\/\/www.kroll.de\/impressum\/\"]}]},{\"@type\":\"BreadcrumbList\",\"@id\":\"https:\/\/www.kroll.de\/impressum\/#breadcrumb\",\"itemListElement\":[{\"@type\":\"ListItem\",\"position\":1,\"name\":\"Startseite\",\"item\":\"https:\/\/www.kroll.de\/\"},{\"@type\":\"ListItem\",\"position\":2,\"name\":\"Impressum\"}]},{\"@type\":\"WebSite\",\"@id\":\"https:\/\/www.kroll.de\/#website\",\"url\":\"https:\/\/www.kroll.de\/\",\"name\":\"Kroll Energy GmbH\",\"description\":\"Energiekompetenz der Extraklasse\",\"publisher\":{\"@id\":\"https:\/\/www.kroll.de\/#organization\"},\"potentialAction\":[{\"@type\":\"SearchAction\",\"target\":{\"@type\":\"EntryPoint\",\"urlTemplate\":\"https:\/\/www.kroll.de\/?s={search_term_string}\"},\"query-input\":{\"@type\":\"PropertyValueSpecification\",\"valueRequired\":true,\"valueName\":\"search_term_string\"}}],\"inLanguage\":\"en-GB\"},{\"@type\":\"Organization\",\"@id\":\"https:\/\/www.kroll.de\/#organization\",\"name\":\"Kroll Energy GmbH\",\"url\":\"https:\/\/www.kroll.de\/\",\"logo\":{\"@type\":\"ImageObject\",\"inLanguage\":\"en-GB\",\"@id\":\"https:\/\/www.kroll.de\/#\/schema\/logo\/image\/\",\"url\":\"https:\/\/www.kroll.de\/wp-content\/uploads\/2022\/12\/kroll_logo_rgb_pixel_transp.png\",\"contentUrl\":\"https:\/\/www.kroll.de\/wp-content\/uploads\/2022\/12\/kroll_logo_rgb_pixel_transp.png\",\"width\":2454,\"height\":860,\"caption\":\"Kroll Energy GmbH\"},\"image\":{\"@id\":\"https:\/\/www.kroll.de\/#\/schema\/logo\/image\/\"},\"sameAs\":[\"https:\/\/www.facebook.com\/KrollEnergy\/\",\"https:\/\/www.linkedin.com\/company\/kroll-energy-gmbh\/\",\"https:\/\/www.youtube.com\/@krollenergygmbh711\"]}]}<\/script>\n<!-- \/ Yoast SEO plugin. -->","yoast_head_json":{"title":"Impressum - Kroll Energy GmbH","robots":{"index":"index","follow":"follow","max-snippet":"max-snippet:-1","max-image-preview":"max-image-preview:large","max-video-preview":"max-video-preview:-1"},"canonical":"https:\/\/www.kroll.de\/en\/impressum\/","og_locale":"en_GB","og_type":"article","og_title":"Impressum - Kroll Energy GmbH","og_description":"Impressum Herausgeber Kroll Energy GmbHEduard-Breuninger-Stra\u00dfe 67D-71522 Backnang Telefon: +49 7191 9070 200Telefax: +49 7191 9070 201eMail: vertrieb@kroll.deInternet: https:\/\/www.kroll.de Gesch\u00e4ftsf\u00fchrung: Peter Kahl Sitz der Gesellschaft: BacknangRegistergericht: Stuttgart, HRB 749412Umsatzsteuer-Identifikationsnummer: DE296072645 Haftung f\u00fcr Links Unser Angebot enth\u00e4lt Links zu externen Webseiten Dritter, auf deren Inhalte wir keinen Einfluss haben. Deshalb k\u00f6nnen wir f\u00fcr diese fremden Inhalte auch [&hellip;]","og_url":"https:\/\/www.kroll.de\/en\/impressum\/","og_site_name":"Kroll Energy GmbH","article_publisher":"https:\/\/www.facebook.com\/KrollEnergy\/","article_modified_time":"2026-03-03T13:11:36+00:00","twitter_card":"summary_large_image","twitter_misc":{"Estimated reading time":"3 minutes"},"schema":{"@context":"https:\/\/schema.org","@graph":[{"@type":"WebPage","@id":"https:\/\/www.kroll.de\/impressum\/","url":"https:\/\/www.kroll.de\/impressum\/","name":"Impressum - Kroll Energy GmbH","isPartOf":{"@id":"https:\/\/www.kroll.de\/#website"},"datePublished":"2023-03-01T09:11:45+00:00","dateModified":"2026-03-03T13:11:36+00:00","breadcrumb":{"@id":"https:\/\/www.kroll.de\/impressum\/#breadcrumb"},"inLanguage":"en-GB","potentialAction":[{"@type":"ReadAction","target":["https:\/\/www.kroll.de\/impressum\/"]}]},{"@type":"BreadcrumbList","@id":"https:\/\/www.kroll.de\/impressum\/#breadcrumb","itemListElement":[{"@type":"ListItem","position":1,"name":"Startseite","item":"https:\/\/www.kroll.de\/"},{"@type":"ListItem","position":2,"name":"Impressum"}]},{"@type":"WebSite","@id":"https:\/\/www.kroll.de\/#website","url":"https:\/\/www.kroll.de\/","name":"Kroll Energy GmbH","description":"Energy expertise in a class of its own","publisher":{"@id":"https:\/\/www.kroll.de\/#organization"},"potentialAction":[{"@type":"SearchAction","target":{"@type":"EntryPoint","urlTemplate":"https:\/\/www.kroll.de\/?s={search_term_string}"},"query-input":{"@type":"PropertyValueSpecification","valueRequired":true,"valueName":"search_term_string"}}],"inLanguage":"en-GB"},{"@type":"Organization","@id":"https:\/\/www.kroll.de\/#organization","name":"Kroll Energy GmbH","url":"https:\/\/www.kroll.de\/","logo":{"@type":"ImageObject","inLanguage":"en-GB","@id":"https:\/\/www.kroll.de\/#\/schema\/logo\/image\/","url":"https:\/\/www.kroll.de\/wp-content\/uploads\/2022\/12\/kroll_logo_rgb_pixel_transp.png","contentUrl":"https:\/\/www.kroll.de\/wp-content\/uploads\/2022\/12\/kroll_logo_rgb_pixel_transp.png","width":2454,"height":860,"caption":"Kroll Energy GmbH"},"image":{"@id":"https:\/\/www.kroll.de\/#\/schema\/logo\/image\/"},"sameAs":["https:\/\/www.facebook.com\/KrollEnergy\/","https:\/\/www.linkedin.com\/company\/kroll-energy-gmbh\/","https:\/\/www.youtube.com\/@krollenergygmbh711"]}]}},"_links":{"self":[{"href":"https:\/\/www.kroll.de\/en\/wp-json\/wp\/v2\/pages\/1386","targetHints":{"allow":["GET"]}}],"collection":[{"href":"https:\/\/www.kroll.de\/en\/wp-json\/wp\/v2\/pages"}],"about":[{"href":"https:\/\/www.kroll.de\/en\/wp-json\/wp\/v2\/types\/page"}],"author":[{"embeddable":true,"href":"https:\/\/www.kroll.de\/en\/wp-json\/wp\/v2\/users\/4"}],"replies":[{"embeddable":true,"href":"https:\/\/www.kroll.de\/en\/wp-json\/wp\/v2\/comments?post=1386"}],"version-history":[{"count":34,"href":"https:\/\/www.kroll.de\/en\/wp-json\/wp\/v2\/pages\/1386\/revisions"}],"predecessor-version":[{"id":6598,"href":"https:\/\/www.kroll.de\/en\/wp-json\/wp\/v2\/pages\/1386\/revisions\/6598"}],"wp:attachment":[{"href":"https:\/\/www.kroll.de\/en\/wp-json\/wp\/v2\/media?parent=1386"}],"curies":[{"name":"wp","href":"https:\/\/api.w.org\/{rel}","templated":true}]}}