{"id":1113,"date":"2023-02-16T15:46:05","date_gmt":"2023-02-16T14:46:05","guid":{"rendered":"https:\/\/www.kroll.de\/?page_id=1113"},"modified":"2025-03-24T14:58:42","modified_gmt":"2025-03-24T13:58:42","slug":"full-service-leasing","status":"publish","type":"page","link":"https:\/\/www.kroll.de\/en\/service\/full-service-leasing\/","title":{"rendered":"Full-Service Leasing"},"content":{"rendered":"<div data-elementor-type=\"wp-page\" data-elementor-id=\"1113\" class=\"elementor elementor-1113\" data-elementor-post-type=\"page\">\n\t\t\t\t<div class=\"has_eae_slider elementor-element elementor-element-5f10538 e-flex e-con-boxed e-con e-parent\" data-id=\"5f10538\" data-element_type=\"container\" data-settings=\"{&quot;background_background&quot;:&quot;classic&quot;}\">\n\t\t\t\t\t<div class=\"e-con-inner\">\n\t\t<div class=\"has_eae_slider elementor-element elementor-element-3d5aa594 e-flex e-con-boxed e-con e-child\" data-id=\"3d5aa594\" data-element_type=\"container\" data-settings=\"{&quot;background_background&quot;:&quot;classic&quot;}\">\n\t\t\t\t\t<div class=\"e-con-inner\">\n\t\t<div class=\"has_eae_slider elementor-element elementor-element-2cbc6f59 e-flex e-con-boxed e-con e-child\" data-id=\"2cbc6f59\" data-element_type=\"container\">\n\t\t\t\t\t<div class=\"e-con-inner\">\n\t\t\t\t<div class=\"elementor-element elementor-element-702e3da elementor-view-default elementor-widget elementor-widget-icon\" data-id=\"702e3da\" data-element_type=\"widget\" data-widget_type=\"icon.default\">\n\t\t\t\t<div class=\"elementor-widget-container\">\n\t\t\t\t\t\t\t<div class=\"elementor-icon-wrapper\">\n\t\t\t<div class=\"elementor-icon\">\n\t\t\t<svg aria-hidden=\"true\" class=\"e-font-icon-svg e-fas-angle-double-right\" viewbox=\"0 0 448 512\" xmlns=\"http:\/\/www.w3.org\/2000\/svg\"><path d=\"M224.3 273l-136 136c-9.4 9.4-24.6 9.4-33.9 0l-22.6-22.6c-9.4-9.4-9.4-24.6 0-33.9l96.4-96.4-96.4-96.4c-9.4-9.4-9.4-24.6 0-33.9L54.3 103c9.4-9.4 24.6-9.4 33.9 0l136 136c9.5 9.4 9.5 24.6.1 34zm192-34l-136-136c-9.4-9.4-24.6-9.4-33.9 0l-22.6 22.6c-9.4 9.4-9.4 24.6 0 33.9l96.4 96.4-96.4 96.4c-9.4 9.4-9.4 24.6 0 33.9l22.6 22.6c9.4 9.4 24.6 9.4 33.9 0l136-136c9.4-9.2 9.4-24.4 0-33.8z\"><\/path><\/svg>\t\t\t<\/div>\n\t\t<\/div>\n\t\t\t\t\t\t<\/div>\n\t\t\t\t<\/div>\n\t\t\t\t<div class=\"elementor-element elementor-element-3d0bda elementor-widget elementor-widget-heading\" data-id=\"3d0bda\" data-element_type=\"widget\" data-widget_type=\"heading.default\">\n\t\t\t\t<div class=\"elementor-widget-container\">\n\t\t\t\t\t<h1 class=\"elementor-heading-title elementor-size-default\">Full-Service-Leasing<\/h1>\t\t\t\t<\/div>\n\t\t\t\t<\/div>\n\t\t\t\t\t<\/div>\n\t\t\t\t<\/div>\n\t\t<div class=\"has_eae_slider elementor-element elementor-element-48f0e916 e-flex e-con-boxed e-con e-child\" data-id=\"48f0e916\" data-element_type=\"container\">\n\t\t\t\t\t<div class=\"e-con-inner\">\n\t\t\t\t\t<\/div>\n\t\t\t\t<\/div>\n\t\t\t\t\t<\/div>\n\t\t\t\t<\/div>\n\t\t\t\t\t<\/div>\n\t\t\t\t<\/div>\n\t\t<div class=\"has_eae_slider elementor-element elementor-element-6a71e9da e-flex e-con-boxed e-con e-parent\" data-id=\"6a71e9da\" data-element_type=\"container\">\n\t\t\t\t\t<div class=\"e-con-inner\">\n\t\t<div class=\"has_eae_slider elementor-element elementor-element-2b8dc8a9 e-con-full e-flex e-con e-child\" data-id=\"2b8dc8a9\" data-element_type=\"container\">\n\t\t\t\t<div class=\"elementor-element elementor-element-5068807 elementor-widget elementor-widget-text-editor\" data-id=\"5068807\" data-element_type=\"widget\" data-settings=\"{&quot;_animation&quot;:&quot;none&quot;,&quot;_animation_delay&quot;:500}\" data-widget_type=\"text-editor.default\">\n\t\t\t\t<div class=\"elementor-widget-container\">\n\t\t\t\t\t\t\t\t\t<p>Are you planning an investment, but don't want to strain your financial leeway? Then lease instead of buying! You can preserve your liquidity and finance your purchase with a low monthly charge over a flexible period of time. With Kroll Energy, you get everything from a single source thanks to full-service leasing; finance leasing, annual maintenance and a 72-month full manufacturer's warranty - and all that with just one payment.<\/p>\t\t\t\t\t\t\t\t<\/div>\n\t\t\t\t<\/div>\n\t\t<div class=\"has_eae_slider elementor-element elementor-element-96545d6 e-flex e-con-boxed e-con e-child\" data-id=\"96545d6\" data-element_type=\"container\">\n\t\t\t\t\t<div class=\"e-con-inner\">\n\t\t<div class=\"has_eae_slider elementor-element elementor-element-3adb2fa e-flex e-con-boxed e-con e-child\" data-id=\"3adb2fa\" data-element_type=\"container\">\n\t\t\t\t\t<div class=\"e-con-inner\">\n\t\t\t\t<div class=\"elementor-element elementor-element-82cbecb elementor-widget elementor-widget-text-editor\" data-id=\"82cbecb\" data-element_type=\"widget\" data-settings=\"{&quot;_animation&quot;:&quot;none&quot;,&quot;_animation_delay&quot;:500}\" data-widget_type=\"text-editor.default\">\n\t\t\t\t<div class=\"elementor-widget-container\">\n\t\t\t\t\t\t\t\t\t<p>In doing so, we can count on a strong partner: The ALBIS Leasing Group has been handling leasing transactions for German SMEs for more than 35 years.<\/p>\t\t\t\t\t\t\t\t<\/div>\n\t\t\t\t<\/div>\n\t\t\t\t\t<\/div>\n\t\t\t\t<\/div>\n\t\t<div class=\"has_eae_slider elementor-element elementor-element-bab83b6 e-flex e-con-boxed e-con e-child\" data-id=\"bab83b6\" data-element_type=\"container\">\n\t\t\t\t\t<div class=\"e-con-inner\">\n\t\t\t\t<div class=\"elementor-element elementor-element-57f798a elementor-widget elementor-widget-image\" data-id=\"57f798a\" data-element_type=\"widget\" data-settings=\"{&quot;_animation&quot;:&quot;none&quot;,&quot;_animation_delay&quot;:500}\" data-widget_type=\"image.default\">\n\t\t\t\t<div class=\"elementor-widget-container\">\n\t\t\t\t\t\t\t\t\t\t\t\t\t\t\t<img fetchpriority=\"high\" decoding=\"async\" width=\"800\" height=\"395\" src=\"https:\/\/www.kroll.de\/wp-content\/uploads\/2023\/02\/ALBIS_Leasing_Gruppe-CMYK_150dpi.png\" class=\"attachment-large size-large wp-image-1201\" alt=\"\" srcset=\"https:\/\/www.kroll.de\/wp-content\/uploads\/2023\/02\/ALBIS_Leasing_Gruppe-CMYK_150dpi.png 887w, https:\/\/www.kroll.de\/wp-content\/uploads\/2023\/02\/ALBIS_Leasing_Gruppe-CMYK_150dpi-300x148.png 300w, https:\/\/www.kroll.de\/wp-content\/uploads\/2023\/02\/ALBIS_Leasing_Gruppe-CMYK_150dpi-768x379.png 768w\" sizes=\"(max-width: 800px) 100vw, 800px\" \/>\t\t\t\t\t\t\t\t\t\t\t\t\t\t\t<\/div>\n\t\t\t\t<\/div>\n\t\t\t\t\t<\/div>\n\t\t\t\t<\/div>\n\t\t\t\t\t<\/div>\n\t\t\t\t<\/div>\n\t\t\t\t<div class=\"elementor-element elementor-element-d0f378a elementor-icon-list--layout-traditional elementor-list-item-link-full_width elementor-widget elementor-widget-icon-list\" data-id=\"d0f378a\" data-element_type=\"widget\" data-settings=\"{&quot;_animation&quot;:&quot;none&quot;,&quot;_animation_delay&quot;:500}\" data-widget_type=\"icon-list.default\">\n\t\t\t\t<div class=\"elementor-widget-container\">\n\t\t\t\t\t\t\t<ul class=\"elementor-icon-list-items\">\n\t\t\t\t\t\t\t<li class=\"elementor-icon-list-item\">\n\t\t\t\t\t\t\t\t\t\t\t<span class=\"elementor-icon-list-icon\">\n\t\t\t\t\t\t\t<svg aria-hidden=\"true\" class=\"e-font-icon-svg e-fas-angle-double-right\" viewbox=\"0 0 448 512\" xmlns=\"http:\/\/www.w3.org\/2000\/svg\"><path d=\"M224.3 273l-136 136c-9.4 9.4-24.6 9.4-33.9 0l-22.6-22.6c-9.4-9.4-9.4-24.6 0-33.9l96.4-96.4-96.4-96.4c-9.4-9.4-9.4-24.6 0-33.9L54.3 103c9.4-9.4 24.6-9.4 33.9 0l136 136c9.5 9.4 9.5 24.6.1 34zm192-34l-136-136c-9.4-9.4-24.6-9.4-33.9 0l-22.6 22.6c-9.4 9.4-9.4 24.6 0 33.9l96.4 96.4-96.4 96.4c-9.4 9.4-9.4 24.6 0 33.9l22.6 22.6c9.4 9.4 24.6 9.4 33.9 0l136-136c9.4-9.2 9.4-24.4 0-33.8z\"><\/path><\/svg>\t\t\t\t\t\t<\/span>\n\t\t\t\t\t\t\t\t\t\t<span class=\"elementor-icon-list-text\">Preservation of your liquidity and equity capital<\/span>\n\t\t\t\t\t\t\t\t\t<\/li>\n\t\t\t\t\t\t\t\t<li class=\"elementor-icon-list-item\">\n\t\t\t\t\t\t\t\t\t\t\t<span class=\"elementor-icon-list-icon\">\n\t\t\t\t\t\t\t<svg aria-hidden=\"true\" class=\"e-font-icon-svg e-fas-angle-double-right\" viewbox=\"0 0 448 512\" xmlns=\"http:\/\/www.w3.org\/2000\/svg\"><path d=\"M224.3 273l-136 136c-9.4 9.4-24.6 9.4-33.9 0l-22.6-22.6c-9.4-9.4-9.4-24.6 0-33.9l96.4-96.4-96.4-96.4c-9.4-9.4-9.4-24.6 0-33.9L54.3 103c9.4-9.4 24.6-9.4 33.9 0l136 136c9.5 9.4 9.5 24.6.1 34zm192-34l-136-136c-9.4-9.4-24.6-9.4-33.9 0l-22.6 22.6c-9.4 9.4-9.4 24.6 0 33.9l96.4 96.4-96.4 96.4c-9.4 9.4-9.4 24.6 0 33.9l22.6 22.6c9.4 9.4 24.6 9.4 33.9 0l136-136c9.4-9.2 9.4-24.4 0-33.8z\"><\/path><\/svg>\t\t\t\t\t\t<\/span>\n\t\t\t\t\t\t\t\t\t\t<span class=\"elementor-icon-list-text\">Cost neutrality: your leasing object generates its own instalments<\/span>\n\t\t\t\t\t\t\t\t\t<\/li>\n\t\t\t\t\t\t\t\t<li class=\"elementor-icon-list-item\">\n\t\t\t\t\t\t\t\t\t\t\t<span class=\"elementor-icon-list-icon\">\n\t\t\t\t\t\t\t<svg aria-hidden=\"true\" class=\"e-font-icon-svg e-fas-angle-double-right\" viewbox=\"0 0 448 512\" xmlns=\"http:\/\/www.w3.org\/2000\/svg\"><path d=\"M224.3 273l-136 136c-9.4 9.4-24.6 9.4-33.9 0l-22.6-22.6c-9.4-9.4-9.4-24.6 0-33.9l96.4-96.4-96.4-96.4c-9.4-9.4-9.4-24.6 0-33.9L54.3 103c9.4-9.4 24.6-9.4 33.9 0l136 136c9.5 9.4 9.5 24.6.1 34zm192-34l-136-136c-9.4-9.4-24.6-9.4-33.9 0l-22.6 22.6c-9.4 9.4-9.4 24.6 0 33.9l96.4 96.4-96.4 96.4c-9.4 9.4-9.4 24.6 0 33.9l22.6 22.6c9.4 9.4 24.6 9.4 33.9 0l136-136c9.4-9.2 9.4-24.4 0-33.8z\"><\/path><\/svg>\t\t\t\t\t\t<\/span>\n\t\t\t\t\t\t\t\t\t\t<span class=\"elementor-icon-list-text\">Flexibility: Your credit line with the bank remains unaffected<\/span>\n\t\t\t\t\t\t\t\t\t<\/li>\n\t\t\t\t\t\t\t\t<li class=\"elementor-icon-list-item\">\n\t\t\t\t\t\t\t\t\t\t\t<span class=\"elementor-icon-list-icon\">\n\t\t\t\t\t\t\t<svg aria-hidden=\"true\" class=\"e-font-icon-svg e-fas-angle-double-right\" viewbox=\"0 0 448 512\" xmlns=\"http:\/\/www.w3.org\/2000\/svg\"><path d=\"M224.3 273l-136 136c-9.4 9.4-24.6 9.4-33.9 0l-22.6-22.6c-9.4-9.4-9.4-24.6 0-33.9l96.4-96.4-96.4-96.4c-9.4-9.4-9.4-24.6 0-33.9L54.3 103c9.4-9.4 24.6-9.4 33.9 0l136 136c9.5 9.4 9.5 24.6.1 34zm192-34l-136-136c-9.4-9.4-24.6-9.4-33.9 0l-22.6 22.6c-9.4 9.4-9.4 24.6 0 33.9l96.4 96.4-96.4 96.4c-9.4 9.4-9.4 24.6 0 33.9l22.6 22.6c9.4 9.4 24.6 9.4 33.9 0l136-136c9.4-9.2 9.4-24.4 0-33.8z\"><\/path><\/svg>\t\t\t\t\t\t<\/span>\n\t\t\t\t\t\t\t\t\t\t<span class=\"elementor-icon-list-text\">Tax advantage: your leasing instalments can be fully capitalised<\/span>\n\t\t\t\t\t\t\t\t\t<\/li>\n\t\t\t\t\t\t\t\t<li class=\"elementor-icon-list-item\">\n\t\t\t\t\t\t\t\t\t\t\t<span class=\"elementor-icon-list-icon\">\n\t\t\t\t\t\t\t<svg aria-hidden=\"true\" class=\"e-font-icon-svg e-fas-angle-double-right\" viewbox=\"0 0 448 512\" xmlns=\"http:\/\/www.w3.org\/2000\/svg\"><path d=\"M224.3 273l-136 136c-9.4 9.4-24.6 9.4-33.9 0l-22.6-22.6c-9.4-9.4-9.4-24.6 0-33.9l96.4-96.4-96.4-96.4c-9.4-9.4-9.4-24.6 0-33.9L54.3 103c9.4-9.4 24.6-9.4 33.9 0l136 136c9.5 9.4 9.5 24.6.1 34zm192-34l-136-136c-9.4-9.4-24.6-9.4-33.9 0l-22.6 22.6c-9.4 9.4-9.4 24.6 0 33.9l96.4 96.4-96.4 96.4c-9.4 9.4-9.4 24.6 0 33.9l22.6 22.6c9.4 9.4 24.6 9.4 33.9 0l136-136c9.4-9.2 9.4-24.4 0-33.8z\"><\/path><\/svg>\t\t\t\t\t\t<\/span>\n\t\t\t\t\t\t\t\t\t\t<span class=\"elementor-icon-list-text\">Transparency: Your desired contract term provides you with a clear basis for calculation<\/span>\n\t\t\t\t\t\t\t\t\t<\/li>\n\t\t\t\t\t\t<\/ul>\n\t\t\t\t\t\t<\/div>\n\t\t\t\t<\/div>\n\t\t\t\t<div class=\"elementor-element elementor-element-14f5233 elementor-widget elementor-widget-text-editor\" data-id=\"14f5233\" data-element_type=\"widget\" data-settings=\"{&quot;_animation&quot;:&quot;none&quot;,&quot;_animation_delay&quot;:500}\" data-widget_type=\"text-editor.default\">\n\t\t\t\t<div class=\"elementor-widget-container\">\n\t\t\t\t\t\t\t\t\t<p>Get in touch with us! We will be happy to make you an individual offer and, if you wish, we can add further options such as storage of the units during the transitional period, servicing of wearing parts, exhaust gas measurement and much more.<\/p>\t\t\t\t\t\t\t\t<\/div>\n\t\t\t\t<\/div>\n\t\t\t\t<\/div>\n\t\t<div class=\"has_eae_slider elementor-element elementor-element-27be5a76 e-flex e-con-boxed e-con e-child\" data-id=\"27be5a76\" data-element_type=\"container\">\n\t\t\t\t\t<div class=\"e-con-inner\">\n\t\t\t\t<div class=\"elementor-element elementor-element-1ded19e9 elementor-widget elementor-widget-template\" data-id=\"1ded19e9\" data-element_type=\"widget\" data-widget_type=\"template.default\">\n\t\t\t\t<div class=\"elementor-widget-container\">\n\t\t\t\t\t\t\t<div class=\"elementor-template\">\n\t\t\t\t\t<div data-elementor-type=\"section\" data-elementor-id=\"1702\" class=\"elementor elementor-1702\" data-elementor-post-type=\"elementor_library\">\n\t\t\t<div class=\"has_eae_slider elementor-element elementor-element-d4a444a e-con-full e-flex e-con e-parent\" data-id=\"d4a444a\" data-element_type=\"container\" data-settings=\"{&quot;animation&quot;:&quot;none&quot;,&quot;animation_delay&quot;:500}\">\n\t\t\t\t<div class=\"elementor-element elementor-element-349cf55 elementor-widget elementor-widget-heading\" data-id=\"349cf55\" data-element_type=\"widget\" data-settings=\"{&quot;_animation&quot;:&quot;none&quot;,&quot;_animation_delay&quot;:&quot;0&quot;}\" data-widget_type=\"heading.default\">\n\t\t\t\t<div class=\"elementor-widget-container\">\n\t\t\t\t\t<h2 class=\"elementor-heading-title elementor-size-default\">Contact &amp; Service<\/h2>\t\t\t\t<\/div>\n\t\t\t\t<\/div>\n\t\t\t\t<div class=\"elementor-element elementor-element-3744f29 elementor-widget elementor-widget-text-editor\" data-id=\"3744f29\" data-element_type=\"widget\" data-settings=\"{&quot;_animation&quot;:&quot;none&quot;,&quot;_animation_delay&quot;:&quot;0&quot;}\" data-widget_type=\"text-editor.default\">\n\t\t\t\t<div class=\"elementor-widget-container\">\n\t\t\t\t\t\t\t\t\t<h3>Technical Service<\/h3><p><strong>For technical questions, maintenance, or repairs:<\/strong><br \/>Telephone: <a href=\"tel:004971919070222\">+49 (0)7191 \/ 9070-222<\/a><br \/>Telefax: +49 (0)7191 \/ 9070-201<br \/>Email: <a href=\"mailto:service@kroll.de\">service@kroll.de<\/a><\/p><p>When making inquiries, please have the <strong data-start=\"603\" data-end=\"637\">Auftragsnummer und Seriennummer<\/strong> of your device ready so that we can process your request quickly and accurately.<\/p><h3>\u00a0<\/h3><h3>Sales &amp; Offers<\/h3><p><b>For product information, offers, and orders:<\/b><br \/>Telephone: <a href=\"tel:004971919070200\">+49 (0)7191 \/ 9070-200<\/a><br \/>Telefax: +49 (0)7191 \/ 9070-201<br \/>Email: <a href=\"mailto:vertrieb@kroll.de\">vertrieb@kroll.de<\/a><\/p><h3>\u00a0<\/h3><div class=\"st-content\"><h3>General requests<\/h3><p>Email:\u00a0<a href=\"mailto:info@kroll.de\">info@kroll.de<\/a><\/p><\/div>\t\t\t\t\t\t\t\t<\/div>\n\t\t\t\t<\/div>\n\t\t\t\t<\/div>\n\t\t\t\t<\/div>\n\t\t\t\t<\/div>\n\t\t\t\t\t\t<\/div>\n\t\t\t\t<\/div>\n\t\t\t\t\t<\/div>\n\t\t\t\t<\/div>\n\t\t\t\t\t<\/div>\n\t\t\t\t<\/div>\n\t\t\t\t<\/div>","protected":false},"excerpt":{"rendered":"<p>Full-Service-Leasing Sie planen eine Investition, m\u00f6chten aber Ihren finanziellen Spielraum nicht belasten? Dann leasen Sie doch, anstatt zu kaufen! Sie schonen damit Ihre Liquidit\u00e4t und k\u00f6nnen Ihre Anschaffung bei geringer monatlicher Belastung \u00fcber einen flexiblen Zeitraum hinweg finanzieren. Bei Kroll Energy bekommen Sie dank Full-Service-Leasing alles aus einer Hand; Finanzleasing, j\u00e4hrliche Wartung und 72 Monate [&hellip;]<\/p>\n","protected":false},"author":4,"featured_media":0,"parent":41,"menu_order":82,"comment_status":"closed","ping_status":"closed","template":"elementor_header_footer","meta":{"_acf_changed":false,"footnotes":""},"class_list":["post-1113","page","type-page","status-publish","hentry"],"acf":[],"yoast_head":"<!-- This site is optimized with the Yoast SEO plugin v24.4 - https:\/\/yoast.com\/wordpress\/plugins\/seo\/ -->\n<title>Full-Service Leasing - Kroll Energy GmbH<\/title>\n<meta name=\"robots\" content=\"index, follow, max-snippet:-1, max-image-preview:large, max-video-preview:-1\" \/>\n<link rel=\"canonical\" href=\"https:\/\/www.kroll.de\/en\/service\/full-service-leasing\/\" \/>\n<meta property=\"og:locale\" content=\"en_GB\" \/>\n<meta property=\"og:type\" content=\"article\" \/>\n<meta property=\"og:title\" content=\"Full-Service Leasing - Kroll Energy GmbH\" \/>\n<meta property=\"og:description\" content=\"Full-Service-Leasing Sie planen eine Investition, m\u00f6chten aber Ihren finanziellen Spielraum nicht belasten? Dann leasen Sie doch, anstatt zu kaufen! Sie schonen damit Ihre Liquidit\u00e4t und k\u00f6nnen Ihre Anschaffung bei geringer monatlicher Belastung \u00fcber einen flexiblen Zeitraum hinweg finanzieren. Bei Kroll Energy bekommen Sie dank Full-Service-Leasing alles aus einer Hand; Finanzleasing, j\u00e4hrliche Wartung und 72 Monate [&hellip;]\" \/>\n<meta property=\"og:url\" content=\"https:\/\/www.kroll.de\/en\/service\/full-service-leasing\/\" \/>\n<meta property=\"og:site_name\" content=\"Kroll Energy GmbH\" \/>\n<meta property=\"article:publisher\" content=\"https:\/\/www.facebook.com\/KrollEnergy\/\" \/>\n<meta property=\"article:modified_time\" content=\"2025-03-24T13:58:42+00:00\" \/>\n<meta property=\"og:image\" content=\"https:\/\/www.kroll.de\/wp-content\/uploads\/2023\/02\/ALBIS_Leasing_Gruppe-CMYK_150dpi.png\" \/>\n\t<meta property=\"og:image:width\" content=\"887\" \/>\n\t<meta property=\"og:image:height\" content=\"438\" \/>\n\t<meta property=\"og:image:type\" content=\"image\/png\" \/>\n<meta name=\"twitter:card\" content=\"summary_large_image\" \/>\n<meta name=\"twitter:label1\" content=\"Estimated reading time\" \/>\n\t<meta name=\"twitter:data1\" content=\"2 minutes\" \/>\n<script type=\"application\/ld+json\" class=\"yoast-schema-graph\">{\"@context\":\"https:\/\/schema.org\",\"@graph\":[{\"@type\":\"WebPage\",\"@id\":\"https:\/\/www.kroll.de\/service\/full-service-leasing\/\",\"url\":\"https:\/\/www.kroll.de\/service\/full-service-leasing\/\",\"name\":\"Full-Service Leasing - Kroll Energy GmbH\",\"isPartOf\":{\"@id\":\"https:\/\/www.kroll.de\/#website\"},\"primaryImageOfPage\":{\"@id\":\"https:\/\/www.kroll.de\/service\/full-service-leasing\/#primaryimage\"},\"image\":{\"@id\":\"https:\/\/www.kroll.de\/service\/full-service-leasing\/#primaryimage\"},\"thumbnailUrl\":\"https:\/\/www.kroll.de\/wp-content\/uploads\/2023\/02\/ALBIS_Leasing_Gruppe-CMYK_150dpi.png\",\"datePublished\":\"2023-02-16T14:46:05+00:00\",\"dateModified\":\"2025-03-24T13:58:42+00:00\",\"breadcrumb\":{\"@id\":\"https:\/\/www.kroll.de\/service\/full-service-leasing\/#breadcrumb\"},\"inLanguage\":\"en-GB\",\"potentialAction\":[{\"@type\":\"ReadAction\",\"target\":[\"https:\/\/www.kroll.de\/service\/full-service-leasing\/\"]}]},{\"@type\":\"ImageObject\",\"inLanguage\":\"en-GB\",\"@id\":\"https:\/\/www.kroll.de\/service\/full-service-leasing\/#primaryimage\",\"url\":\"https:\/\/www.kroll.de\/wp-content\/uploads\/2023\/02\/ALBIS_Leasing_Gruppe-CMYK_150dpi.png\",\"contentUrl\":\"https:\/\/www.kroll.de\/wp-content\/uploads\/2023\/02\/ALBIS_Leasing_Gruppe-CMYK_150dpi.png\"},{\"@type\":\"BreadcrumbList\",\"@id\":\"https:\/\/www.kroll.de\/service\/full-service-leasing\/#breadcrumb\",\"itemListElement\":[{\"@type\":\"ListItem\",\"position\":1,\"name\":\"Startseite\",\"item\":\"https:\/\/www.kroll.de\/\"},{\"@type\":\"ListItem\",\"position\":2,\"name\":\"Service\",\"item\":\"https:\/\/www.kroll.de\/en\/service\/\"},{\"@type\":\"ListItem\",\"position\":3,\"name\":\"Full-Service Leasing\"}]},{\"@type\":\"WebSite\",\"@id\":\"https:\/\/www.kroll.de\/#website\",\"url\":\"https:\/\/www.kroll.de\/\",\"name\":\"Kroll Energy GmbH\",\"description\":\"Energiekompetenz der Extraklasse\",\"publisher\":{\"@id\":\"https:\/\/www.kroll.de\/#organization\"},\"potentialAction\":[{\"@type\":\"SearchAction\",\"target\":{\"@type\":\"EntryPoint\",\"urlTemplate\":\"https:\/\/www.kroll.de\/?s={search_term_string}\"},\"query-input\":{\"@type\":\"PropertyValueSpecification\",\"valueRequired\":true,\"valueName\":\"search_term_string\"}}],\"inLanguage\":\"en-GB\"},{\"@type\":\"Organization\",\"@id\":\"https:\/\/www.kroll.de\/#organization\",\"name\":\"Kroll Energy GmbH\",\"url\":\"https:\/\/www.kroll.de\/\",\"logo\":{\"@type\":\"ImageObject\",\"inLanguage\":\"en-GB\",\"@id\":\"https:\/\/www.kroll.de\/#\/schema\/logo\/image\/\",\"url\":\"https:\/\/www.kroll.de\/wp-content\/uploads\/2022\/12\/kroll_logo_rgb_pixel_transp.png\",\"contentUrl\":\"https:\/\/www.kroll.de\/wp-content\/uploads\/2022\/12\/kroll_logo_rgb_pixel_transp.png\",\"width\":2454,\"height\":860,\"caption\":\"Kroll Energy GmbH\"},\"image\":{\"@id\":\"https:\/\/www.kroll.de\/#\/schema\/logo\/image\/\"},\"sameAs\":[\"https:\/\/www.facebook.com\/KrollEnergy\/\",\"https:\/\/www.linkedin.com\/company\/kroll-energy-gmbh\/\",\"https:\/\/www.youtube.com\/@krollenergygmbh711\"]}]}<\/script>\n<!-- \/ Yoast SEO plugin. -->","yoast_head_json":{"title":"Full-Service Leasing - Kroll Energy GmbH","robots":{"index":"index","follow":"follow","max-snippet":"max-snippet:-1","max-image-preview":"max-image-preview:large","max-video-preview":"max-video-preview:-1"},"canonical":"https:\/\/www.kroll.de\/en\/service\/full-service-leasing\/","og_locale":"en_GB","og_type":"article","og_title":"Full-Service Leasing - Kroll Energy GmbH","og_description":"Full-Service-Leasing Sie planen eine Investition, m\u00f6chten aber Ihren finanziellen Spielraum nicht belasten? Dann leasen Sie doch, anstatt zu kaufen! Sie schonen damit Ihre Liquidit\u00e4t und k\u00f6nnen Ihre Anschaffung bei geringer monatlicher Belastung \u00fcber einen flexiblen Zeitraum hinweg finanzieren. Bei Kroll Energy bekommen Sie dank Full-Service-Leasing alles aus einer Hand; Finanzleasing, j\u00e4hrliche Wartung und 72 Monate [&hellip;]","og_url":"https:\/\/www.kroll.de\/en\/service\/full-service-leasing\/","og_site_name":"Kroll Energy GmbH","article_publisher":"https:\/\/www.facebook.com\/KrollEnergy\/","article_modified_time":"2025-03-24T13:58:42+00:00","og_image":[{"width":887,"height":438,"url":"https:\/\/www.kroll.de\/wp-content\/uploads\/2023\/02\/ALBIS_Leasing_Gruppe-CMYK_150dpi.png","type":"image\/png"}],"twitter_card":"summary_large_image","twitter_misc":{"Estimated reading time":"2 minutes"},"schema":{"@context":"https:\/\/schema.org","@graph":[{"@type":"WebPage","@id":"https:\/\/www.kroll.de\/service\/full-service-leasing\/","url":"https:\/\/www.kroll.de\/service\/full-service-leasing\/","name":"Full-Service Leasing - Kroll Energy GmbH","isPartOf":{"@id":"https:\/\/www.kroll.de\/#website"},"primaryImageOfPage":{"@id":"https:\/\/www.kroll.de\/service\/full-service-leasing\/#primaryimage"},"image":{"@id":"https:\/\/www.kroll.de\/service\/full-service-leasing\/#primaryimage"},"thumbnailUrl":"https:\/\/www.kroll.de\/wp-content\/uploads\/2023\/02\/ALBIS_Leasing_Gruppe-CMYK_150dpi.png","datePublished":"2023-02-16T14:46:05+00:00","dateModified":"2025-03-24T13:58:42+00:00","breadcrumb":{"@id":"https:\/\/www.kroll.de\/service\/full-service-leasing\/#breadcrumb"},"inLanguage":"en-GB","potentialAction":[{"@type":"ReadAction","target":["https:\/\/www.kroll.de\/service\/full-service-leasing\/"]}]},{"@type":"ImageObject","inLanguage":"en-GB","@id":"https:\/\/www.kroll.de\/service\/full-service-leasing\/#primaryimage","url":"https:\/\/www.kroll.de\/wp-content\/uploads\/2023\/02\/ALBIS_Leasing_Gruppe-CMYK_150dpi.png","contentUrl":"https:\/\/www.kroll.de\/wp-content\/uploads\/2023\/02\/ALBIS_Leasing_Gruppe-CMYK_150dpi.png"},{"@type":"BreadcrumbList","@id":"https:\/\/www.kroll.de\/service\/full-service-leasing\/#breadcrumb","itemListElement":[{"@type":"ListItem","position":1,"name":"Startseite","item":"https:\/\/www.kroll.de\/"},{"@type":"ListItem","position":2,"name":"Service","item":"https:\/\/www.kroll.de\/en\/service\/"},{"@type":"ListItem","position":3,"name":"Full-Service Leasing"}]},{"@type":"WebSite","@id":"https:\/\/www.kroll.de\/#website","url":"https:\/\/www.kroll.de\/","name":"Kroll Energy GmbH","description":"Energy expertise in a class of its own","publisher":{"@id":"https:\/\/www.kroll.de\/#organization"},"potentialAction":[{"@type":"SearchAction","target":{"@type":"EntryPoint","urlTemplate":"https:\/\/www.kroll.de\/?s={search_term_string}"},"query-input":{"@type":"PropertyValueSpecification","valueRequired":true,"valueName":"search_term_string"}}],"inLanguage":"en-GB"},{"@type":"Organization","@id":"https:\/\/www.kroll.de\/#organization","name":"Kroll Energy GmbH","url":"https:\/\/www.kroll.de\/","logo":{"@type":"ImageObject","inLanguage":"en-GB","@id":"https:\/\/www.kroll.de\/#\/schema\/logo\/image\/","url":"https:\/\/www.kroll.de\/wp-content\/uploads\/2022\/12\/kroll_logo_rgb_pixel_transp.png","contentUrl":"https:\/\/www.kroll.de\/wp-content\/uploads\/2022\/12\/kroll_logo_rgb_pixel_transp.png","width":2454,"height":860,"caption":"Kroll Energy GmbH"},"image":{"@id":"https:\/\/www.kroll.de\/#\/schema\/logo\/image\/"},"sameAs":["https:\/\/www.facebook.com\/KrollEnergy\/","https:\/\/www.linkedin.com\/company\/kroll-energy-gmbh\/","https:\/\/www.youtube.com\/@krollenergygmbh711"]}]}},"_links":{"self":[{"href":"https:\/\/www.kroll.de\/en\/wp-json\/wp\/v2\/pages\/1113","targetHints":{"allow":["GET"]}}],"collection":[{"href":"https:\/\/www.kroll.de\/en\/wp-json\/wp\/v2\/pages"}],"about":[{"href":"https:\/\/www.kroll.de\/en\/wp-json\/wp\/v2\/types\/page"}],"author":[{"embeddable":true,"href":"https:\/\/www.kroll.de\/en\/wp-json\/wp\/v2\/users\/4"}],"replies":[{"embeddable":true,"href":"https:\/\/www.kroll.de\/en\/wp-json\/wp\/v2\/comments?post=1113"}],"version-history":[{"count":40,"href":"https:\/\/www.kroll.de\/en\/wp-json\/wp\/v2\/pages\/1113\/revisions"}],"predecessor-version":[{"id":6148,"href":"https:\/\/www.kroll.de\/en\/wp-json\/wp\/v2\/pages\/1113\/revisions\/6148"}],"up":[{"embeddable":true,"href":"https:\/\/www.kroll.de\/en\/wp-json\/wp\/v2\/pages\/41"}],"wp:attachment":[{"href":"https:\/\/www.kroll.de\/en\/wp-json\/wp\/v2\/media?parent=1113"}],"curies":[{"name":"wp","href":"https:\/\/api.w.org\/{rel}","templated":true}]}}